{"id":99,"date":"2017-09-17T10:42:21","date_gmt":"2017-09-17T08:42:21","guid":{"rendered":"https:\/\/chatdoc.fr\/?page_id=99"},"modified":"2025-02-21T13:11:23","modified_gmt":"2025-02-21T12:11:23","slug":"notre-equipe","status":"publish","type":"page","link":"https:\/\/chatdoc.fr\/fr\/notre-equipe\/","title":{"rendered":"Notre \u00e9quipe"},"content":{"rendered":"<div id=\"team\" class=\"top20\">\n<div class=\"row\">\n<div class=\"col-sm-3\"><img decoding=\"async\" loading=\"lazy\" class=\"alignnone size-full wp-image-2036\" src=\"https:\/\/chatdoc.fr\/fr\/wp-content\/uploads\/2025\/02\/Aude.png\" alt=\"Dr. Aude Barichard\" width=\"240\" height=\"240\" \/><\/div>\n<div class=\"col-sm-9\">\n<h2>Aude Puozzo-Barichard<\/h2>\n<p>L\u2019id\u00e9e de ChatDOC c\u2019est elle, la supervision du projet c\u2019est elle, le<br \/>\nsouci du d\u00e9tail dans la d\u00e9co c\u2019est elle aussi\u2026 Y a pas \u00e0 dire, on est<br \/>\ncontent qu\u2019elle ait abandonn\u00e9 son r\u00eave d\u2019enfant de devenir marchande au<br \/>\nprofit de la m\u00e9decine v\u00e9t\u00e9rinaire ! Membre de la team chat depuis<br \/>\ntoujours, c\u2019est en Am\u00e9rique du Nord que la tarnaise form\u00e9e \u00e0 l\u2019ENV de<br \/>\nToulouse murit ce projet un peu foufou de clinique f\u00e9line. Habile,<br \/>\nattentionn\u00e9e, enthousiaste et fonceuse, elle sait autant rassembler autour<br \/>\nd\u2019une id\u00e9e que d\u2019un bon gueuleton en terrasse. R\u00e9sultat : la clinique<br \/>\nChatDOC a vu le jour avec une \u00e9quipe hyper impliqu\u00e9e et soud\u00e9e autour !<br \/>\nTout \u00e7a pour le plus grand bonheur des chats.<\/p>\n<p><u>Mmm chat, ch\u2019est vraiment toi !<\/u><br \/>\nUn super pouvoir id\u00e9al : se transformer en tout<br \/>\nUn p\u00e9ch\u00e9 mignon : la mousse au chocolat noir<br \/>\nUne devise : vis l\u2019instant !<br \/>\nUne identit\u00e9 de chat : Sushi de race europ\u00e9enne<\/p>\n<\/div>\n<\/div>\n<div class=\"row\">\n<div class=\"col-sm-3\"><img decoding=\"async\" loading=\"lazy\" class=\"alignnone size-full wp-image-2039\" src=\"https:\/\/chatdoc.fr\/fr\/wp-content\/uploads\/2025\/02\/Lily-Saalburg.png\" alt=\"Dr. Lily Saalburg\" width=\"240\" height=\"240\" \/><\/div>\n<div class=\"col-sm-9\">\n<h2>Lily Saalburg<\/h2>\n<p>Lily enfant c\u2019\u00e9tait la m\u00e9decine et les chiens. Pour ce qui est de la<br \/>\nm\u00e9decine, elle a gard\u00e9 la science mais pr\u00e9f\u00e9r\u00e9 orienter sa pratique vers<br \/>\nles animaux plut\u00f4t que sur ses cong\u00e9n\u00e8res. Et en ce qui concerne les<br \/>\nchiens, la raison, et surtout la rencontre avec Aude, les ont remis\u00e9s au<br \/>\nplacard au profit des incontest\u00e9s ma\u00eetres du monde : les chats. Ah, on<br \/>\nnous rapporte dans l\u2019oreillette qu\u2019on peut la voir se balader le week-end<br \/>\nen bord d\u2019Oc\u00e9an accompagn\u00e9e de sa famille et d\u2019un quadrup\u00e8de ennemi.<br \/>\nHummm, manque d\u2019abn\u00e9gation ou esprit de r\u00e9bellion ? Allez savoir<br \/>\nl\u2019intention qui se cache derri\u00e8re son temp\u00e9rament de feu, mais on lui<br \/>\npardonne volontiers. Une fois les portes de ChatDOC franchies, c\u2019est bien<br \/>\nau service exclusif des matous de tous poils que Docteur Lily met son<br \/>\nc\u0153ur, son savoir-faire et son opini\u00e2tret\u00e9 \u00e0 trouver le juste diagnotic et<br \/>\nle rem\u00e8de qui va avec !<\/p>\n<p><u>Mmm chat, ch\u2019est vraiment toi !<\/u><br \/>\nUn super pouvoir id\u00e9al : se t\u00e9l\u00e9porter, surtout pour \u00eatre \u00e0 l\u2019heure le<br \/>\nmatin \u263a<br \/>\nUn p\u00e9ch\u00e9 mignon : la charlotte aux fraises<br \/>\nUne devise : tout \u00e0 une fin, sauf la banane qui en a deux (proverbe<br \/>\nafricain)<br \/>\nUne identit\u00e9 de chat : Lapin de race Scottish fold<\/p>\n<\/div>\n<\/div>\n<div class=\"row\">\n<div class=\"col-sm-3\"><img decoding=\"async\" loading=\"lazy\" class=\"alignnone size-full wp-image-2040\" src=\"https:\/\/chatdoc.fr\/fr\/wp-content\/uploads\/2025\/02\/MarieLaure-Lemarchand.png\" alt=\"Dr. Marie-Laure Lemarchand\" width=\"240\" height=\"240\" \/><\/div>\n<div class=\"col-sm-9\">\n<h2>Marie-Laure Lemarchand<\/h2>\n<p>Pour Marie-Laure, \u00eatre v\u00e9t\u00e9rinaire n\u2019est pas un m\u00e9tier c\u2019est une vocation<br \/>\n! Anim\u00e9e par cette volont\u00e9 depuis son plus jeune \u00e2ge, rien n\u2019aura pu la<br \/>\nfaire d\u00e9vier de son id\u00e9e. Originaire de ces contr\u00e9es o\u00f9 pour le go\u00fbter on<br \/>\nmange des \u00ab pains au chocolat \u00bb, elle migre \u00e0 Toulouse pour valider son<br \/>\ndipl\u00f4me avant d\u2019exercer pendant 12 ans dans des cliniques polyvalentes<br \/>\ntraitant jusqu\u2019aux NAC. Mais g\u00e9n\u00e9ral n\u2019est pas Marie-Laure. Oh que non. Sa<br \/>\nsoif de connaissances et d\u2019am\u00e9lioration continue la pousse alors \u00e0<br \/>\nrechercher une sp\u00e9cialisation et les chats, par leur douceur et leur<br \/>\ncomplexit\u00e9, ne tarderont pas \u00e0 lui faire rallier leur camp. Quand elle a<br \/>\nbesoin de se ressourcer, Marie-Laure choisit les randonn\u00e9es, le bricolage<br \/>\nou les travaux manuels. Elle fait aussi pas mal de couture. D\u2019ailleurs la<br \/>\nl\u00e9gende dit que sur certaines sutures se glissent des points fantaisie.<br \/>\nMythe ou r\u00e9alit\u00e9 ? Allez savoir\u2026<\/p>\n<p><u>Mmm chat, ch\u2019est vraiment toi !<\/u><br \/>\nUn super pouvoir id\u00e9al : rendre les gens heureux<br \/>\nUn p\u00e9ch\u00e9 mignon : le crumble aux pommes<br \/>\nUne devise : sois le changement que tu souhaites voir en ce monde<br \/>\n(Gandhi)<br \/>\nUne identit\u00e9 de chat : Chamallow, le bon gros matou de ferme<\/p>\n<\/div>\n<\/div>\n<div class=\"row\">\n<div class=\"col-sm-3\"><img decoding=\"async\" loading=\"lazy\" class=\"alignnone wp-image-2246 size-full\" src=\"https:\/\/chatdoc.fr\/fr\/wp-content\/uploads\/2025\/02\/Coralie-Giraud.png\" alt=\"Coralie\" width=\"240\" height=\"240\" \/><\/div>\n<div class=\"col-sm-9\">\n<h2>Coralie Giraud<\/h2>\n<p>\u00c0 4 ans, Coralie aimait les chats et voulait \u00eatre v\u00e9t\u00e9rinaire. \u00c0 15 ans,<br \/>\nCoralie aimait toujours les chats et voulait toujours \u00eatre v\u00e9t\u00e9rinaire. Et<br \/>\nmaintenant qu\u2019elle est grande ? Et bien elle est v\u00e9t\u00e9rinaire dans une<br \/>\nclinique r\u00e9serv\u00e9e aux chats. De l\u00e0 \u00e0 dire qu\u2019elle est du genre \u00e0 savoir ce<br \/>\nqu\u2019elle veut et de s\u2019en donner les moyens\u2026 Tel le f\u00e9lin \u00e0 l\u2019aff\u00fbt du<br \/>\nmoindre rayon de soleil, c\u2019est \u00e0 Valence que Coralie part faire ses<br \/>\nclasses avant de retourner en r\u00e9gion parisienne pour l\u2019internat. L\u00e0 c\u2019est<br \/>\nambiance Urgences, NFS, chimie, iono (vous avez la ref ?). Les gardes de<br \/>\nnuit, les week-ends, de quoi perfectionner ses connaissances et leur mise<br \/>\nen pratique en toutes circonstances. C\u2019est avec toute cette exp\u00e9rience<br \/>\ndans ses bagages que Coralie est arriv\u00e9e en mai 2022 \u00e0 la clinique. Son<br \/>\nkif : les chats toujours et dans tous leurs \u00e9tats, avec leurs minauderies<br \/>\nen salle de consultation comme sous le scalpel en chirurgie. Amis matous,<br \/>\nencore une personne d\u00e9vou\u00e9e qui est l\u00e0 pour vous !<\/p>\n<p><u>Mmm chat, ch\u2019est vraiment toi !<\/u><br \/>\nUn super pouvoir id\u00e9al : arr\u00eater le temps pour elle et ceux qu\u2019elle veut<br \/>\ngarder \u00e0 ses c\u00f4t\u00e9s<br \/>\nUn p\u00e9ch\u00e9 mignon : les sushis<br \/>\nUne devise : elle aborde la vie comme son tube de dentifrice, d\u2019abord<br \/>\nl\u2019extr\u00e9mit\u00e9 ensuite on enroule m\u00e9thodiquement<br \/>\nUne identit\u00e9 de chat : un bon gros chat europ\u00e9en de canap\u00e9 \u00e0 la robe noire<br \/>\net blanche<\/p>\n<\/div>\n<\/div>\n<div class=\"row\">\n<div class=\"col-sm-3\"><img decoding=\"async\" loading=\"lazy\" class=\"alignnone wp-image-2245 size-full\" src=\"https:\/\/chatdoc.fr\/fr\/wp-content\/uploads\/2025\/02\/Camille-Tondut.png\" alt=\"Camille\" width=\"240\" height=\"240\" \/><\/div>\n<div class=\"col-sm-9\">\n<h2>Camille Tondut<\/h2>\n<p>Vous avez vu passer Camille ? Elle est dans la salle de consultation en<br \/>\nbas. Ah non elle est en salle de r\u00e9veil. Elle est pas plut\u00f4t en train de<br \/>\nse pr\u00e9parer pour une chirurgie ? 1000 \u00e0 l\u2019heure, Camille est \u00e0 1000 \u00e0<br \/>\nl\u2019heure. Sourire accroch\u00e9 aux l\u00e8vres, cette v\u00e9t\u00e9rinaire originaire du<br \/>\nLot-et-Garonne, form\u00e9e \u00e0 Nantes, ayant exerc\u00e9 dans les Vosges puis \u00e0 La<br \/>\nRochelle, a pos\u00e9 ses valises &#8211; fa\u00e7on de parler &#8211; chez ChatDOC en d\u00e9cembre<br \/>\n2022. Fa\u00e7on de parler parce qu\u2019avant d\u2019arriver, elle est quand m\u00eame partie<br \/>\nfaire un road-trip d\u2019un mois en Tha\u00eflande pour soigner la transition des<br \/>\npatients loups, entre autres \u00e9videmment, \u00e0 l\u2019exclu des matous. Bon, ce qui<br \/>\nnous rassure, c\u2019est qu\u2019au milieu de tout \u00e7a, Camille fait aussi du yoga.<br \/>\nPour se poser et respirer. Et mieux repartir apr\u00e8s !<\/p>\n<p><u>Mmm chat, ch\u2019est vraiment toi !<\/u><br \/>\nUn super pouvoir id\u00e9al : l\u2019ubiquit\u00e9 \u00e9videmment<br \/>\nUn p\u00e9ch\u00e9 mignon : tarte aux fraises l\u2019\u00e9t\u00e9, raclette l\u2019hiver<br \/>\nUne devise : il en faut peu pour \u00eatre heureux<br \/>\nUne identit\u00e9 de chat : un chartreux, bien sociable et d\u00e9tendu<\/p>\n<\/div>\n<\/div>\n<div class=\"row\">\n<div class=\"col-sm-3\"><img decoding=\"async\" loading=\"lazy\" class=\"alignnone size-full wp-image-2037\" src=\"https:\/\/chatdoc.fr\/fr\/wp-content\/uploads\/2025\/02\/Carole-ASV.png\" alt=\"Carole\" width=\"240\" height=\"240\" \/><\/div>\n<div class=\"col-sm-9\">\n<h2>Carole<\/h2>\n<p>Souvenez-vous, dans la bio du Dr Aude Barichard on a dit qu\u2019elle savait<br \/>\nembarquer les gens\u2026 Et bien s\u2019il y a une personne qui sait exactement de<br \/>\nquoi il en retourne, c\u2019est Carole ! En effet la dacquoise n\u2019a pas h\u00e9sit\u00e9 \u00e0<br \/>\ntroquer sa casquette de secr\u00e9taire-comptable de direction dans un<br \/>\ngroupement v\u00e9t\u00e9rinaire contre le r\u00f4le d\u2019ASV+++ au sein de la chat-cr\u00e9e<br \/>\naventure ChatDOC. C\u2019est-\u00e0-dire qu\u2019elle s\u2019ennuyait un peu entre son boulot,<br \/>\nla course \u00e0 pied, le basket, la guitare et la lecture alors la perspective<br \/>\nde se lancer en plus dans du bachotage sur l\u2019assistanat v\u00e9t\u00e9rinaire et la<br \/>\nculture f\u00e9line ne pouvait que la convaincre !<\/p>\n<p><u>Mmm chat, ch\u2019est vraiment toi !<\/u><br \/>\nUn super pouvoir id\u00e9al : donner du bonheur tout le temps et \u00e0 tous<br \/>\nUn p\u00e9ch\u00e9 mignon : le g\u00e2teau basque \u00e0 la cerise<br \/>\nUne devise : termine toujours ce que tu as commenc\u00e9<br \/>\nUne identit\u00e9 de chat : le matou anonyme et sympa qu\u2019on nourrit mais \u00e0 qui<br \/>\non laisse faire sa vie tranquille<\/p>\n<\/div>\n<\/div>\n<div class=\"row\" style=\"margin-bottom: 20px;\">\n<div class=\"col-sm-3\"><img decoding=\"async\" loading=\"lazy\" class=\"alignnone wp-image-1293\" src=\"https:\/\/chatdoc.fr\/fr\/wp-content\/uploads\/2019\/02\/madea.png\" alt=\"\" width=\"300\" height=\"300\" \/><\/div>\n<div class=\"col-sm-9\">\n<h2>Maldea alias \u00ab Chouchou \u00bb<\/h2>\n<p>Very Important Cat et testeuse officielle<\/p>\n<\/div>\n<\/div>\n<div class=\"row\">\n<div class=\"col-sm-3\"><img decoding=\"async\" loading=\"lazy\" class=\"alignnone size-full wp-image-2043\" src=\"https:\/\/chatdoc.fr\/fr\/wp-content\/uploads\/2025\/02\/Maureen-ASV.png\" alt=\"Maureen\" width=\"240\" height=\"240\" \/><\/div>\n<div class=\"col-sm-9\">\n<h2>Maureen<\/h2>\n<p>Mesdames et Messieurs merci d\u2019attacher vos ceintures, nous allons bient\u00f4t<br \/>\nd\u00e9coller\u2026 Originaire de Charente-Maritime, c\u2019est au c\u0153ur de l\u2019exotique<br \/>\nNouvelle-Cal\u00e9donie que Maureen grandit avant de revenir s\u2019installer dans<br \/>\nla campagne m\u00e9tropolitaine. Engag\u00e9e dans le domaine sanitaire et social,<br \/>\ncette grande fan et pratiquante des sports de glisse se d\u00e9voue au service<br \/>\nde chaque personne qu\u2019elle accompagne. Pour autant il manque quelque chose<br \/>\net, le temps passant, son attrait de toujours pour les animaux refait<br \/>\nsurface. Fascin\u00e9e par le c\u00f4t\u00e9 sauvage des chats, Maureen int\u00e8gre ChatDOC<br \/>\nen avril 2019. Et depuis c\u2019est le plus scrupuleusement du monde qu\u2019elle<br \/>\napplique \u00e0 chaque matou la prescription bien-\u00eatre de son cru : au moins 5<br \/>\nc\u00e2lins et ronrons par jour !<\/p>\n<p><u>Mmm chat, ch\u2019est vraiment toi !<\/u><br \/>\nUn super pouvoir id\u00e9al : rendre immortel<br \/>\nUn p\u00e9ch\u00e9 mignon : les cr\u00eapes sucr\u00e9es<br \/>\nUne devise : vise la lune, au pire tu auras les \u00e9toiles<br \/>\nUne identit\u00e9 de chat : Noum\u00e9a de race Savannah<\/p>\n<\/div>\n<\/div>\n<div class=\"row\">\n<div class=\"col-sm-3\"><img decoding=\"async\" loading=\"lazy\" class=\"alignnone wp-image-2244 size-full\" src=\"https:\/\/chatdoc.fr\/fr\/wp-content\/uploads\/2025\/02\/Audrey.png\" alt=\"Audrey\" width=\"240\" height=\"240\" \/><\/div>\n<div class=\"col-sm-9\">\n<h2>Audrey<\/h2>\n<p>Au commencement Audrey voulait \u00eatre gendarme \u00e0 cheval. Bon. Si on part du<br \/>\nprincipe que la blouse c\u2019est presque comme un uniforme et qu\u2019aujourd\u2019hui<br \/>\nson univers pro baigne dans le secteur animalier, on est pas si loin du<br \/>\ncompte en fait ! Ce qui est remarquable dans l\u2019histoire, c\u2019est la capacit\u00e9<br \/>\nde rebond (comme les chats, d\u00e9j\u00e0\u2026). Pas de Garde Nationale ni de d\u00e9fil\u00e9 \u00e0<br \/>\ncause d\u2019une d\u00e9tection d\u2019asthme ? Qu\u2019\u00e0 cela ne tienne, Audrey s\u2019engage pour<br \/>\nun stage d\u00e9couverte du m\u00e9tier d\u2019ASV, et l\u00e0, \u00e7a le fait ! En moins de temps<br \/>\nqu\u2019il n\u2019en faut pour l\u2019\u00e9crire, la jeune basque int\u00e8gre, \u00e0 Paris, une<br \/>\nalternance pour se former en tant qu\u2019Auxiliaire v\u00e9t\u00e9rinaire sp\u00e9cialis\u00e9e.<br \/>\nDeux ans plus tard, retour du 9-3 au 6-4. Les chevaux c\u2019est fini, les<br \/>\nchats c\u2019est la vie, et chez ChatDOC on en est ravi !<\/p>\n<p><u>Mmm chat, ch\u2019est vraiment toi !<\/u><br \/>\nUn super pouvoir id\u00e9al : la t\u00e9l\u00e9portation<br \/>\nUn p\u00e9ch\u00e9 mignon : le tiramisu, version originale au caf\u00e9<br \/>\nUne devise : souris \u00e0 la vie !<br \/>\nUne identit\u00e9 de chat : un chaton fanfaron \u00e0 b\u00eatises<\/p>\n<\/div>\n<\/div>\n<div class=\"row\">\n<div class=\"col-sm-3\"><img decoding=\"async\" loading=\"lazy\" class=\"alignnone wp-image-2244 size-full\" src=\"https:\/\/chatdoc.fr\/fr\/wp-content\/uploads\/2025\/02\/Axelle-ASV.png\" alt=\"Audrey\" width=\"240\" height=\"240\" \/><\/div>\n<div class=\"col-sm-9\">\n<h2>Axelle<\/h2>\n<p>Axelle est apprentie assistante v\u00e9t\u00e9rinaire en alternance chez ChatDoc !<\/p>\n<p>Entre ses cours et ses trois semaines en clinique, elle jongle avec brio entre soins aux animaux, travail en \u00e9quipe et apprentissage. Et comme si ce n\u2019\u00e9tait pas suffisant, elle trouve encore le temps de galoper \u00e0 cheval et de s\u2019occuper de son fid\u00e8le teckel.<\/p>\n<p>Multit\u00e2che et toujours souriante, Axelle s\u2019adapte \u00e0 toutes les situations avec \u00e9nergie et bonne humeur. Son amour pour les animaux \u2013 des chats aux chevaux \u2013 se ressent dans tout ce qu\u2019elle fait, que ce soit en assistant le v\u00e9t\u00e9rinaire, en c\u00e2linant un patient \u00e0 quatre pattes ou en partageant un moment complice avec l\u2019\u00e9quipe.<\/p>\n<p>Gr\u00e2ce \u00e0 son alternance, elle affine chaque jour ses comp\u00e9tences, d\u00e9termin\u00e9e \u00e0 devenir une experte dans son domaine. Avec Axelle, les chats (et tous les autres animaux !) sont entre de bonnes pattes.<\/p>\n<\/div>\n<\/div>\n<div class=\"row\">\n<div class=\"col-sm-3\"><img decoding=\"async\" loading=\"lazy\" class=\"alignnone wp-image-2244 size-full\" src=\"https:\/\/chatdoc.fr\/fr\/wp-content\/uploads\/2025\/02\/Mahee-ASV.png\" alt=\"Audrey\" width=\"240\" height=\"240\" \/><\/div>\n<div class=\"col-sm-9\">\n<h2>Mah\u00e9e<\/h2>\n<p>Assistante v\u00e9t\u00e9rinaire rayonnante de la clinique, Mah\u00e9e est toujours pr\u00eate \u00e0 accueillir nos amis \u00e0 quatre pattes avec un sourire contagieux ! <\/p>\n<p>Entrez dans l&rsquo;univers p\u00e9tillant de Mah\u00e9e, l&rsquo;\u00e2me lumineuse de ChatDOC ! Toujours avec un sourire \u00e9clatant et un rire contagieux, elle vous accueille tel un rayon de soleil \u00e0 chaque visite.<br \/>\nSon secret pour garder son calme olympien ? Le yoga ! Mah\u00e9e se plie en quatre (litt\u00e9ralement) pour ma\u00eetriser l&rsquo;art de la tranquillit\u00e9, et elle le fait avec une gr\u00e2ce qui ferait rougir Yoda lui-m\u00eame.<\/p>\n<p>Mah\u00e9e est la complice de Carole \u00e0 l&rsquo;accueil, o\u00f9 elle jongle avec gr\u00e2ce entre les appels t\u00e9l\u00e9phoniques et les rendez-vous pour assurer le bon d\u00e9roulement de votre passage \u00e0 la clinique. <\/p>\n<p>Son rire r\u00e9sonne joyeusement dans les couloirs de la clinique, apportant une touche de bonne humeur \u00e0 toutes les interactions. Si vous cherchez une dose de positivit\u00e9 ou quelques conseils avis\u00e9s, elle est toujours l\u00e0 pour vous accueillir avec son \u00e9nergie d\u00e9bordante.<\/p>\n<p>Mais voici le hic : derri\u00e8re son calme l\u00e9gendaire se cache une peur secr\u00e8te&#8230; elle a une phobie aussi surprenante qu&rsquo;amusante : le fromage ! Oui, oui, vous avez bien lu !<\/p>\n<p>En r\u00e9sum\u00e9, Mah\u00e9e incarne parfaitement l&rsquo;esprit de l&rsquo;\u00e9quipe de la clinique ChatDOC : comp\u00e9tente, chaleureuse et pr\u00eate \u00e0 faire de chaque visite une exp\u00e9rience m\u00e9morable pour tous. <\/p>\n<\/div>\n<\/div>\n<div class=\"row\">\n<div class=\"col-sm-3\"><img decoding=\"async\" loading=\"lazy\" class=\"alignnone wp-image-2244 size-full\" src=\"https:\/\/chatdoc.fr\/fr\/wp-content\/uploads\/2025\/02\/Lila-ASV.png\" alt=\"Audrey\" width=\"240\" height=\"240\" \/><\/div>\n<div class=\"col-sm-9\">\n<h2>Lila <\/h2>\n<p>Si vous avez d\u00e9j\u00e0 admir\u00e9 les affiches magnifiques de notre clinique, vous connaissez d\u00e9j\u00e0 un peu Lila, notre assistante v\u00e9t\u00e9rinaire artiste en chef. Calme et cr\u00e9ative, elle transforme les id\u00e9es farfelues de l&rsquo;\u00e9quipe en \u0153uvres d&rsquo;art. Mais ne vous laissez pas tromper par son apparence tranquille, Lila cache bien des talents !<\/p>\n<p>Sa passion num\u00e9ro un ? La nourriture !<br \/>\nElle est toujours \u00e0 la recherche de la prochaine d\u00e9licieuse d\u00e9couverte culinaire. Que ce soit un burger juteux, des sushis exquis, ou une p\u00e2tisserie divine, Lila est toujours pr\u00eate pour une nouvelle aventure gustative. <\/p>\n<p>Mais ce n\u2019est pas tout ! Lila a aussi une aptitude incroyable \u00e0 g\u00e9rer nos amis f\u00e9lins. Aucun chat ne lui fait peur, et elle sait comment les apaiser et les soigner avec une expertise remarquable. Son secret ? Un m\u00e9lange de calme, de confiance, et de beaucoup d&rsquo;amour. <\/p>\n<p>Et \u00e0 la maison ? Lila partage son quotidien avec un chat roux compl\u00e8tement fou, qui ajoute une dose de chaos joyeux \u00e0 sa vie d\u00e9j\u00e0 bien remplie. Entre les escapades culinaires, les cr\u00e9ations artistiques et les aventures f\u00e9lines, Lila m\u00e8ne une vie haute en couleur.<\/p>\n<\/div>\n<\/div>\n","protected":false},"excerpt":{"rendered":"<p>Aude Puozzo-Barichard L\u2019id\u00e9e de ChatDOC c\u2019est elle, la supervision du projet c\u2019est elle, le souci du d\u00e9tail dans la d\u00e9co c\u2019est elle aussi\u2026 Y a pas \u00e0 dire, on est content qu\u2019elle ait abandonn\u00e9 son r\u00eave d\u2019enfant de devenir marchande au profit de la m\u00e9decine v\u00e9t\u00e9rinaire ! Membre de la team chat depuis toujours, c\u2019est en Am\u00e9rique du Nord que la tarnaise form\u00e9e \u00e0&hellip;<\/p>\n","protected":false},"author":1,"featured_media":0,"parent":0,"menu_order":0,"comment_status":"closed","ping_status":"closed","template":"","meta":[],"yoast_head":"<!-- This site is optimized with the Yoast SEO plugin v20.1 - https:\/\/yoast.com\/wordpress\/plugins\/seo\/ -->\n<title>Notre \u00e9quipe - ChatDOC<\/title>\n<meta name=\"robots\" content=\"index, follow, max-snippet:-1, max-image-preview:large, max-video-preview:-1\" \/>\n<link rel=\"canonical\" href=\"https:\/\/chatdoc.fr\/fr\/notre-equipe\/\" \/>\n<meta property=\"og:locale\" content=\"fr_FR\" \/>\n<meta property=\"og:type\" content=\"article\" \/>\n<meta property=\"og:title\" content=\"Notre \u00e9quipe - ChatDOC\" \/>\n<meta property=\"og:description\" content=\"Aude Puozzo-Barichard L\u2019id\u00e9e de ChatDOC c\u2019est elle, la supervision du projet c\u2019est elle, le souci du d\u00e9tail dans la d\u00e9co c\u2019est elle aussi\u2026 Y a pas \u00e0 dire, on est content qu\u2019elle ait abandonn\u00e9 son r\u00eave d\u2019enfant de devenir marchande au profit de la m\u00e9decine v\u00e9t\u00e9rinaire ! Membre de la team chat depuis toujours, c\u2019est en Am\u00e9rique du Nord que la tarnaise form\u00e9e \u00e0&hellip;\" \/>\n<meta property=\"og:url\" content=\"https:\/\/chatdoc.fr\/fr\/notre-equipe\/\" \/>\n<meta property=\"og:site_name\" content=\"ChatDOC\" \/>\n<meta property=\"article:modified_time\" content=\"2025-02-21T12:11:23+00:00\" \/>\n<meta property=\"og:image\" content=\"https:\/\/chatdoc.fr\/fr\/wp-content\/uploads\/2025\/02\/Aude.png\" \/>\n<meta name=\"twitter:card\" content=\"summary_large_image\" \/>\n<meta name=\"twitter:label1\" content=\"Dur\u00e9e de lecture estim\u00e9e\" \/>\n\t<meta name=\"twitter:data1\" content=\"13 minutes\" \/>\n<script type=\"application\/ld+json\" class=\"yoast-schema-graph\">{\"@context\":\"https:\/\/schema.org\",\"@graph\":[{\"@type\":\"WebPage\",\"@id\":\"https:\/\/chatdoc.fr\/fr\/notre-equipe\/\",\"url\":\"https:\/\/chatdoc.fr\/fr\/notre-equipe\/\",\"name\":\"Notre \u00e9quipe - ChatDOC\",\"isPartOf\":{\"@id\":\"https:\/\/chatdoc.fr\/fr\/#website\"},\"datePublished\":\"2017-09-17T08:42:21+00:00\",\"dateModified\":\"2025-02-21T12:11:23+00:00\",\"breadcrumb\":{\"@id\":\"https:\/\/chatdoc.fr\/fr\/notre-equipe\/#breadcrumb\"},\"inLanguage\":\"fr-FR\",\"potentialAction\":[{\"@type\":\"ReadAction\",\"target\":[\"https:\/\/chatdoc.fr\/fr\/notre-equipe\/\"]}]},{\"@type\":\"BreadcrumbList\",\"@id\":\"https:\/\/chatdoc.fr\/fr\/notre-equipe\/#breadcrumb\",\"itemListElement\":[{\"@type\":\"ListItem\",\"position\":1,\"name\":\"Accueil\",\"item\":\"https:\/\/chatdoc.fr\/fr\/\"},{\"@type\":\"ListItem\",\"position\":2,\"name\":\"Notre \u00e9quipe\"}]},{\"@type\":\"WebSite\",\"@id\":\"https:\/\/chatdoc.fr\/fr\/#website\",\"url\":\"https:\/\/chatdoc.fr\/fr\/\",\"name\":\"ChatDOC\",\"description\":\"Tout pour le chat et pour tous les chats\",\"potentialAction\":[{\"@type\":\"SearchAction\",\"target\":{\"@type\":\"EntryPoint\",\"urlTemplate\":\"https:\/\/chatdoc.fr\/fr\/?s={search_term_string}\"},\"query-input\":\"required name=search_term_string\"}],\"inLanguage\":\"fr-FR\"}]}<\/script>\n<!-- \/ Yoast SEO plugin. -->","yoast_head_json":{"title":"Notre \u00e9quipe - ChatDOC","robots":{"index":"index","follow":"follow","max-snippet":"max-snippet:-1","max-image-preview":"max-image-preview:large","max-video-preview":"max-video-preview:-1"},"canonical":"https:\/\/chatdoc.fr\/fr\/notre-equipe\/","og_locale":"fr_FR","og_type":"article","og_title":"Notre \u00e9quipe - ChatDOC","og_description":"Aude Puozzo-Barichard L\u2019id\u00e9e de ChatDOC c\u2019est elle, la supervision du projet c\u2019est elle, le souci du d\u00e9tail dans la d\u00e9co c\u2019est elle aussi\u2026 Y a pas \u00e0 dire, on est content qu\u2019elle ait abandonn\u00e9 son r\u00eave d\u2019enfant de devenir marchande au profit de la m\u00e9decine v\u00e9t\u00e9rinaire ! Membre de la team chat depuis toujours, c\u2019est en Am\u00e9rique du Nord que la tarnaise form\u00e9e \u00e0&hellip;","og_url":"https:\/\/chatdoc.fr\/fr\/notre-equipe\/","og_site_name":"ChatDOC","article_modified_time":"2025-02-21T12:11:23+00:00","og_image":[{"url":"https:\/\/chatdoc.fr\/fr\/wp-content\/uploads\/2025\/02\/Aude.png"}],"twitter_card":"summary_large_image","twitter_misc":{"Dur\u00e9e de lecture estim\u00e9e":"13 minutes"},"schema":{"@context":"https:\/\/schema.org","@graph":[{"@type":"WebPage","@id":"https:\/\/chatdoc.fr\/fr\/notre-equipe\/","url":"https:\/\/chatdoc.fr\/fr\/notre-equipe\/","name":"Notre \u00e9quipe - ChatDOC","isPartOf":{"@id":"https:\/\/chatdoc.fr\/fr\/#website"},"datePublished":"2017-09-17T08:42:21+00:00","dateModified":"2025-02-21T12:11:23+00:00","breadcrumb":{"@id":"https:\/\/chatdoc.fr\/fr\/notre-equipe\/#breadcrumb"},"inLanguage":"fr-FR","potentialAction":[{"@type":"ReadAction","target":["https:\/\/chatdoc.fr\/fr\/notre-equipe\/"]}]},{"@type":"BreadcrumbList","@id":"https:\/\/chatdoc.fr\/fr\/notre-equipe\/#breadcrumb","itemListElement":[{"@type":"ListItem","position":1,"name":"Accueil","item":"https:\/\/chatdoc.fr\/fr\/"},{"@type":"ListItem","position":2,"name":"Notre \u00e9quipe"}]},{"@type":"WebSite","@id":"https:\/\/chatdoc.fr\/fr\/#website","url":"https:\/\/chatdoc.fr\/fr\/","name":"ChatDOC","description":"Tout pour le chat et pour tous les chats","potentialAction":[{"@type":"SearchAction","target":{"@type":"EntryPoint","urlTemplate":"https:\/\/chatdoc.fr\/fr\/?s={search_term_string}"},"query-input":"required name=search_term_string"}],"inLanguage":"fr-FR"}]}},"_links":{"self":[{"href":"https:\/\/chatdoc.fr\/fr\/wp-json\/wp\/v2\/pages\/99"}],"collection":[{"href":"https:\/\/chatdoc.fr\/fr\/wp-json\/wp\/v2\/pages"}],"about":[{"href":"https:\/\/chatdoc.fr\/fr\/wp-json\/wp\/v2\/types\/page"}],"author":[{"embeddable":true,"href":"https:\/\/chatdoc.fr\/fr\/wp-json\/wp\/v2\/users\/1"}],"replies":[{"embeddable":true,"href":"https:\/\/chatdoc.fr\/fr\/wp-json\/wp\/v2\/comments?post=99"}],"version-history":[{"count":70,"href":"https:\/\/chatdoc.fr\/fr\/wp-json\/wp\/v2\/pages\/99\/revisions"}],"predecessor-version":[{"id":2293,"href":"https:\/\/chatdoc.fr\/fr\/wp-json\/wp\/v2\/pages\/99\/revisions\/2293"}],"wp:attachment":[{"href":"https:\/\/chatdoc.fr\/fr\/wp-json\/wp\/v2\/media?parent=99"}],"curies":[{"name":"wp","href":"https:\/\/api.w.org\/{rel}","templated":true}]}}