{"id":311,"date":"2017-10-17T20:43:21","date_gmt":"2017-10-17T18:43:21","guid":{"rendered":"https:\/\/chatdoc.fr\/fr\/?page_id=311"},"modified":"2025-07-01T15:22:17","modified_gmt":"2025-07-01T13:22:17","slug":"nos-tarifs","status":"publish","type":"page","link":"https:\/\/chatdoc.fr\/fr\/nos-tarifs\/","title":{"rendered":"Nos principales prestations"},"content":{"rendered":"<p>La grille ci-dessous pr\u00e9sente nos principaux tarifs exprim\u00e9s en TTC apr\u00e8s application d&rsquo;un taux de TVA de 20%.<br \/>\nSi vous souhaitez d\u2019autres tarifs, n\u2019h\u00e9sitez pas \u00e0 nous contacter.<\/p>\n<table id=\"tarif\" class=\"table table-striped table-bordered table-condensed\">\n<tbody>\n<tr>\n<th>M\u00e9decine g\u00e9n\u00e9rale<\/th>\n<th>TTC (\u20ac)<\/th>\n<\/tr>\n<tr>\n<td>Consultation<\/td>\n<td>53<\/td>\n<\/tr>\n<tr>\n<td>Examen pr\u00e9ventif de sant\u00e9 chat d\u2019ext\u00e9rieur<\/td>\n<td>72<\/td>\n<\/tr>\n<tr>\n<td>Examen pr\u00e9ventif de sant\u00e9 chat d\u2019int\u00e9rieur<\/td>\n<td>59<\/td>\n<\/tr>\n<tr>\n<td>D\u00e9pistage FIV\/FELV<\/td>\n<td>31,50<\/td>\n<\/tr>\n<tr>\n<td>Echographie abdominale ou cardiaque<\/td>\n<td>155<\/td>\n<\/tr>\n<tr>\n<td>Identification \u00e9lectronique (et mise \u00e0 jour du fichier national)<\/td>\n<td>73<\/td>\n<\/tr>\n<tr>\n<td>Examen radiologique (\u00e0 partir de)<\/td>\n<td>48<\/td>\n<\/tr>\n<tr class=\"chirur\">\n<td>Chirurgie<\/td>\n<td><\/td>\n<\/tr>\n<tr class=\"list\">\n<td>&#8211; Consultation pr\u00e9op\u00e9ratoire (offerte)<\/p>\n<p>&#8211; Hospitalisation 12h<\/p>\n<p>&#8211; Anesth\u00e9sie (sous oxyg\u00e8ne et gaz)<\/p>\n<p>&#8211; Pr\u00e9vention et gestion de la douleur<\/p>\n<p>&#8211; Acte chirurgical<\/p>\n<p>&#8211; Suture<\/p>\n<p>&#8211; Surveillance du r\u00e9veil<\/p>\n<p>&#8211; Consultation post-op\u00e9ratoire \u00e0 48h (offerte)<\/td>\n<td><\/td>\n<\/tr>\n<tr>\n<td>Castration<\/td>\n<td>84<\/td>\n<\/tr>\n<tr>\n<td>Ovariectomie<\/td>\n<td>153<\/td>\n<\/tr>\n<tr>\n<td>D\u00e9tartrage (\u00e0 partir de)<\/td>\n<td>\u00a0112<\/td>\n<\/tr>\n<tr class=\"chirur\">\n<td><\/td>\n<td><\/td>\n<tr>\n<td><\/td>\n<\/tr>\n<\/tbody>\n<\/table>\n","protected":false},"excerpt":{"rendered":"<p>La grille ci-dessous pr\u00e9sente nos principaux tarifs exprim\u00e9s en TTC apr\u00e8s application d&rsquo;un taux de TVA de 20%. Si vous souhaitez d\u2019autres tarifs, n\u2019h\u00e9sitez pas \u00e0 nous contacter. M\u00e9decine g\u00e9n\u00e9rale TTC (\u20ac) Consultation 53 Examen pr\u00e9ventif de sant\u00e9 chat d\u2019ext\u00e9rieur 72 Examen pr\u00e9ventif de sant\u00e9 chat d\u2019int\u00e9rieur 59 D\u00e9pistage FIV\/FELV 31,50 Echographie abdominale ou cardiaque 155 Identification \u00e9lectronique (et mise \u00e0 jour du fichier&hellip;<\/p>\n","protected":false},"author":1,"featured_media":0,"parent":0,"menu_order":0,"comment_status":"closed","ping_status":"closed","template":"","meta":[],"yoast_head":"<!-- This site is optimized with the Yoast SEO plugin v20.1 - https:\/\/yoast.com\/wordpress\/plugins\/seo\/ -->\n<title>Nos principales prestations - ChatDOC<\/title>\n<meta name=\"robots\" content=\"index, follow, max-snippet:-1, max-image-preview:large, max-video-preview:-1\" \/>\n<link rel=\"canonical\" href=\"https:\/\/chatdoc.fr\/fr\/nos-tarifs\/\" \/>\n<meta property=\"og:locale\" content=\"fr_FR\" \/>\n<meta property=\"og:type\" content=\"article\" \/>\n<meta property=\"og:title\" content=\"Nos principales prestations - ChatDOC\" \/>\n<meta property=\"og:description\" content=\"La grille ci-dessous pr\u00e9sente nos principaux tarifs exprim\u00e9s en TTC apr\u00e8s application d&rsquo;un taux de TVA de 20%. Si vous souhaitez d\u2019autres tarifs, n\u2019h\u00e9sitez pas \u00e0 nous contacter. M\u00e9decine g\u00e9n\u00e9rale TTC (\u20ac) Consultation 53 Examen pr\u00e9ventif de sant\u00e9 chat d\u2019ext\u00e9rieur 72 Examen pr\u00e9ventif de sant\u00e9 chat d\u2019int\u00e9rieur 59 D\u00e9pistage FIV\/FELV 31,50 Echographie abdominale ou cardiaque 155 Identification \u00e9lectronique (et mise \u00e0 jour du fichier&hellip;\" \/>\n<meta property=\"og:url\" content=\"https:\/\/chatdoc.fr\/fr\/nos-tarifs\/\" \/>\n<meta property=\"og:site_name\" content=\"ChatDOC\" \/>\n<meta property=\"article:modified_time\" content=\"2025-07-01T13:22:17+00:00\" \/>\n<meta name=\"twitter:card\" content=\"summary_large_image\" \/>\n<meta name=\"twitter:label1\" content=\"Dur\u00e9e de lecture estim\u00e9e\" \/>\n\t<meta name=\"twitter:data1\" content=\"1 minute\" \/>\n<script type=\"application\/ld+json\" class=\"yoast-schema-graph\">{\"@context\":\"https:\/\/schema.org\",\"@graph\":[{\"@type\":\"WebPage\",\"@id\":\"https:\/\/chatdoc.fr\/fr\/nos-tarifs\/\",\"url\":\"https:\/\/chatdoc.fr\/fr\/nos-tarifs\/\",\"name\":\"Nos principales prestations - ChatDOC\",\"isPartOf\":{\"@id\":\"https:\/\/chatdoc.fr\/fr\/#website\"},\"datePublished\":\"2017-10-17T18:43:21+00:00\",\"dateModified\":\"2025-07-01T13:22:17+00:00\",\"breadcrumb\":{\"@id\":\"https:\/\/chatdoc.fr\/fr\/nos-tarifs\/#breadcrumb\"},\"inLanguage\":\"fr-FR\",\"potentialAction\":[{\"@type\":\"ReadAction\",\"target\":[\"https:\/\/chatdoc.fr\/fr\/nos-tarifs\/\"]}]},{\"@type\":\"BreadcrumbList\",\"@id\":\"https:\/\/chatdoc.fr\/fr\/nos-tarifs\/#breadcrumb\",\"itemListElement\":[{\"@type\":\"ListItem\",\"position\":1,\"name\":\"Accueil\",\"item\":\"https:\/\/chatdoc.fr\/fr\/\"},{\"@type\":\"ListItem\",\"position\":2,\"name\":\"Nos principales prestations\"}]},{\"@type\":\"WebSite\",\"@id\":\"https:\/\/chatdoc.fr\/fr\/#website\",\"url\":\"https:\/\/chatdoc.fr\/fr\/\",\"name\":\"ChatDOC\",\"description\":\"Tout pour le chat et pour tous les chats\",\"potentialAction\":[{\"@type\":\"SearchAction\",\"target\":{\"@type\":\"EntryPoint\",\"urlTemplate\":\"https:\/\/chatdoc.fr\/fr\/?s={search_term_string}\"},\"query-input\":\"required name=search_term_string\"}],\"inLanguage\":\"fr-FR\"}]}<\/script>\n<!-- \/ Yoast SEO plugin. -->","yoast_head_json":{"title":"Nos principales prestations - ChatDOC","robots":{"index":"index","follow":"follow","max-snippet":"max-snippet:-1","max-image-preview":"max-image-preview:large","max-video-preview":"max-video-preview:-1"},"canonical":"https:\/\/chatdoc.fr\/fr\/nos-tarifs\/","og_locale":"fr_FR","og_type":"article","og_title":"Nos principales prestations - ChatDOC","og_description":"La grille ci-dessous pr\u00e9sente nos principaux tarifs exprim\u00e9s en TTC apr\u00e8s application d&rsquo;un taux de TVA de 20%. Si vous souhaitez d\u2019autres tarifs, n\u2019h\u00e9sitez pas \u00e0 nous contacter. M\u00e9decine g\u00e9n\u00e9rale TTC (\u20ac) Consultation 53 Examen pr\u00e9ventif de sant\u00e9 chat d\u2019ext\u00e9rieur 72 Examen pr\u00e9ventif de sant\u00e9 chat d\u2019int\u00e9rieur 59 D\u00e9pistage FIV\/FELV 31,50 Echographie abdominale ou cardiaque 155 Identification \u00e9lectronique (et mise \u00e0 jour du fichier&hellip;","og_url":"https:\/\/chatdoc.fr\/fr\/nos-tarifs\/","og_site_name":"ChatDOC","article_modified_time":"2025-07-01T13:22:17+00:00","twitter_card":"summary_large_image","twitter_misc":{"Dur\u00e9e de lecture estim\u00e9e":"1 minute"},"schema":{"@context":"https:\/\/schema.org","@graph":[{"@type":"WebPage","@id":"https:\/\/chatdoc.fr\/fr\/nos-tarifs\/","url":"https:\/\/chatdoc.fr\/fr\/nos-tarifs\/","name":"Nos principales prestations - ChatDOC","isPartOf":{"@id":"https:\/\/chatdoc.fr\/fr\/#website"},"datePublished":"2017-10-17T18:43:21+00:00","dateModified":"2025-07-01T13:22:17+00:00","breadcrumb":{"@id":"https:\/\/chatdoc.fr\/fr\/nos-tarifs\/#breadcrumb"},"inLanguage":"fr-FR","potentialAction":[{"@type":"ReadAction","target":["https:\/\/chatdoc.fr\/fr\/nos-tarifs\/"]}]},{"@type":"BreadcrumbList","@id":"https:\/\/chatdoc.fr\/fr\/nos-tarifs\/#breadcrumb","itemListElement":[{"@type":"ListItem","position":1,"name":"Accueil","item":"https:\/\/chatdoc.fr\/fr\/"},{"@type":"ListItem","position":2,"name":"Nos principales prestations"}]},{"@type":"WebSite","@id":"https:\/\/chatdoc.fr\/fr\/#website","url":"https:\/\/chatdoc.fr\/fr\/","name":"ChatDOC","description":"Tout pour le chat et pour tous les chats","potentialAction":[{"@type":"SearchAction","target":{"@type":"EntryPoint","urlTemplate":"https:\/\/chatdoc.fr\/fr\/?s={search_term_string}"},"query-input":"required name=search_term_string"}],"inLanguage":"fr-FR"}]}},"_links":{"self":[{"href":"https:\/\/chatdoc.fr\/fr\/wp-json\/wp\/v2\/pages\/311"}],"collection":[{"href":"https:\/\/chatdoc.fr\/fr\/wp-json\/wp\/v2\/pages"}],"about":[{"href":"https:\/\/chatdoc.fr\/fr\/wp-json\/wp\/v2\/types\/page"}],"author":[{"embeddable":true,"href":"https:\/\/chatdoc.fr\/fr\/wp-json\/wp\/v2\/users\/1"}],"replies":[{"embeddable":true,"href":"https:\/\/chatdoc.fr\/fr\/wp-json\/wp\/v2\/comments?post=311"}],"version-history":[{"count":53,"href":"https:\/\/chatdoc.fr\/fr\/wp-json\/wp\/v2\/pages\/311\/revisions"}],"predecessor-version":[{"id":2304,"href":"https:\/\/chatdoc.fr\/fr\/wp-json\/wp\/v2\/pages\/311\/revisions\/2304"}],"wp:attachment":[{"href":"https:\/\/chatdoc.fr\/fr\/wp-json\/wp\/v2\/media?parent=311"}],"curies":[{"name":"wp","href":"https:\/\/api.w.org\/{rel}","templated":true}]}}