{"id":309,"date":"2017-10-17T20:43:04","date_gmt":"2017-10-17T18:43:04","guid":{"rendered":"https:\/\/chatdoc.fr\/fr\/?page_id=309"},"modified":"2025-02-20T09:10:19","modified_gmt":"2025-02-20T08:10:19","slug":"nos-prestations","status":"publish","type":"page","link":"https:\/\/chatdoc.fr\/fr\/nos-prestations\/","title":{"rendered":"Nos prestations"},"content":{"rendered":"<p>Les prix affich\u00e9s sont T.T.C (TVA \u00e0 20%) et s&rsquo;appliquent sauf cas particuliers de complications m\u00e9dicales ou chirurgicales d\u00e9coulant de la maladie ou l&rsquo;accident, ou demande particuli\u00e8re de la personne accompagnant le chat.<br \/>\nLes tarifs de toutes nos prestations sont \u00e0 la disposition de notre client\u00e8le sur simple demande.<\/p>\n<h2>M\u00e9decine g\u00e9n\u00e9rale<\/h2>\n<table>\n<tbody>\n<tr>\n<td>Consultation g\u00e9n\u00e9rale<\/td>\n<td>53 \u20ac<\/td>\n<\/tr>\n<tr>\n<td>Consultation de comportement (malpropret\u00e9, agressivit\u00e9, anxi\u00e9t\u00e9 etc.)<\/td>\n<td>entre 84 et 112 \u20ac<\/td>\n<\/tr>\n<tr>\n<td>Examen pr\u00e9ventif de sant\u00e9 chat d&rsquo;ext\u00e9rieur<\/td>\n<td>72 \u20ac<\/td>\n<\/tr>\n<tr>\n<td>Examen pr\u00e9ventif de sant\u00e9 chat d&rsquo;int\u00e9rieur<\/td>\n<td>59 \u20ac<\/td>\n<\/tr>\n<tr>\n<td>D\u00e9pistage FIV\/FELV<\/td>\n<td>31,50 \u20ac<\/td>\n<\/tr>\n<tr>\n<td>Identification \u00e9lectronique &#8211; <small><em>Obligatoire chats n\u00e9s apr\u00e8s 2012<\/em><\/small><br \/>\n<small><em>Mise \u00e0 jour du fichier national<br \/>\nUtilisation d&rsquo;une puce permettant la prise de temp\u00e9rature instantan\u00e9e<\/em><\/small><\/td>\n<td>73 \u20ac<\/td>\n<\/tr>\n<tr>\n<td>Identification \u00e9lectronique pendant la st\u00e9rilisation<\/td>\n<td>63 \u20ac<\/td>\n<\/tr>\n<tr>\n<td>Examen radiologique<\/td>\n<td>\u00e0 partir de 48 \u20ac<\/td>\n<\/tr>\n<tr>\n<td>Bilan panoramique dentaire<\/td>\n<td>79 \u20ac<\/td>\n<\/tr>\n<tr>\n<td>\u00c9chographie cardiaque\/abdominale<\/td>\n<td>155 \u20ac<\/td>\n<\/tr>\n<tr>\n<td>Prise de sang<\/td>\n<td>21 \u20ac<\/td>\n<\/tr>\n<tr>\n<td>Coupe de griffes &#8211; visite d\u00e9di\u00e9e<\/td>\n<td>18 \u20ac<\/td>\n<\/tr>\n<tr>\n<td>Coupe de griffes &#8211; pendant la consultation<\/td>\n<td>12 \u20ac<\/td>\n<\/tr>\n<tr>\n<td>Tranquillisation<\/td>\n<td>\u00e0 partir de 30 \u20ac<\/td>\n<\/tr>\n<\/tbody>\n<\/table>\n<h2>Chirurgie<\/h2>\n<p><small><em>Chaque acte comprend la consultation pr\u00e9op\u00e9ratoire, l&rsquo;hospitalisation (dur\u00e9e de 12 heures), l&rsquo;anesth\u00e9sie (sous oxyg\u00e8ne et gaz), la pr\u00e9vention et la gestion de la douleur, l&rsquo;acte chirurgical, la suture, la surveillance du r\u00e9veil et la consultation post-op\u00e9ratoire \u00e0 J+2.<\/em><\/small><\/p>\n<table>\n<tbody>\n<tr>\n<td>Castration<\/td>\n<td>84 \u20ac<\/td>\n<\/tr>\n<tr>\n<td>Ovariectomie<\/td>\n<td>153 \u20ac<\/td>\n<\/tr>\n<tr>\n<td>D\u00e9tartrage<\/td>\n<td>\u00e0 partir de 117,50 \u20ac<\/td>\n<\/tr>\n<\/tbody>\n<\/table>\n<h2>H\u00f4tel f\u00e9lin<\/h2>\n<p><small><em>De nombreuses options sont disponibles, demandez-nous !<\/em><\/small><\/p>\n<p>Nuit\u00e9e \u00e0 partir de 19 \u20ac<\/p>\n<p>&nbsp;<\/p>\n","protected":false},"excerpt":{"rendered":"<p>Les prix affich\u00e9s sont T.T.C (TVA \u00e0 20%) et s&rsquo;appliquent sauf cas particuliers de complications m\u00e9dicales ou chirurgicales d\u00e9coulant de la maladie ou l&rsquo;accident, ou demande particuli\u00e8re de la personne accompagnant le chat. Les tarifs de toutes nos prestations sont \u00e0 la disposition de notre client\u00e8le sur simple demande. M\u00e9decine g\u00e9n\u00e9rale Consultation g\u00e9n\u00e9rale 53 \u20ac Consultation de comportement (malpropret\u00e9, agressivit\u00e9, anxi\u00e9t\u00e9 etc.) entre 84&hellip;<\/p>\n","protected":false},"author":1,"featured_media":0,"parent":0,"menu_order":0,"comment_status":"closed","ping_status":"closed","template":"","meta":[],"yoast_head":"<!-- This site is optimized with the Yoast SEO plugin v20.1 - https:\/\/yoast.com\/wordpress\/plugins\/seo\/ -->\n<title>Nos prestations - ChatDOC<\/title>\n<meta name=\"robots\" content=\"index, follow, max-snippet:-1, max-image-preview:large, max-video-preview:-1\" \/>\n<link rel=\"canonical\" href=\"https:\/\/chatdoc.fr\/fr\/nos-prestations\/\" \/>\n<meta property=\"og:locale\" content=\"fr_FR\" \/>\n<meta property=\"og:type\" content=\"article\" \/>\n<meta property=\"og:title\" content=\"Nos prestations - ChatDOC\" \/>\n<meta property=\"og:description\" content=\"Les prix affich\u00e9s sont T.T.C (TVA \u00e0 20%) et s&rsquo;appliquent sauf cas particuliers de complications m\u00e9dicales ou chirurgicales d\u00e9coulant de la maladie ou l&rsquo;accident, ou demande particuli\u00e8re de la personne accompagnant le chat. Les tarifs de toutes nos prestations sont \u00e0 la disposition de notre client\u00e8le sur simple demande. M\u00e9decine g\u00e9n\u00e9rale Consultation g\u00e9n\u00e9rale 53 \u20ac Consultation de comportement (malpropret\u00e9, agressivit\u00e9, anxi\u00e9t\u00e9 etc.) entre 84&hellip;\" \/>\n<meta property=\"og:url\" content=\"https:\/\/chatdoc.fr\/fr\/nos-prestations\/\" \/>\n<meta property=\"og:site_name\" content=\"ChatDOC\" \/>\n<meta property=\"article:modified_time\" content=\"2025-02-20T08:10:19+00:00\" \/>\n<meta name=\"twitter:card\" content=\"summary_large_image\" \/>\n<meta name=\"twitter:label1\" content=\"Dur\u00e9e de lecture estim\u00e9e\" \/>\n\t<meta name=\"twitter:data1\" content=\"2 minutes\" \/>\n<script type=\"application\/ld+json\" class=\"yoast-schema-graph\">{\"@context\":\"https:\/\/schema.org\",\"@graph\":[{\"@type\":\"WebPage\",\"@id\":\"https:\/\/chatdoc.fr\/fr\/nos-prestations\/\",\"url\":\"https:\/\/chatdoc.fr\/fr\/nos-prestations\/\",\"name\":\"Nos prestations - ChatDOC\",\"isPartOf\":{\"@id\":\"https:\/\/chatdoc.fr\/fr\/#website\"},\"datePublished\":\"2017-10-17T18:43:04+00:00\",\"dateModified\":\"2025-02-20T08:10:19+00:00\",\"breadcrumb\":{\"@id\":\"https:\/\/chatdoc.fr\/fr\/nos-prestations\/#breadcrumb\"},\"inLanguage\":\"fr-FR\",\"potentialAction\":[{\"@type\":\"ReadAction\",\"target\":[\"https:\/\/chatdoc.fr\/fr\/nos-prestations\/\"]}]},{\"@type\":\"BreadcrumbList\",\"@id\":\"https:\/\/chatdoc.fr\/fr\/nos-prestations\/#breadcrumb\",\"itemListElement\":[{\"@type\":\"ListItem\",\"position\":1,\"name\":\"Accueil\",\"item\":\"https:\/\/chatdoc.fr\/fr\/\"},{\"@type\":\"ListItem\",\"position\":2,\"name\":\"Nos prestations\"}]},{\"@type\":\"WebSite\",\"@id\":\"https:\/\/chatdoc.fr\/fr\/#website\",\"url\":\"https:\/\/chatdoc.fr\/fr\/\",\"name\":\"ChatDOC\",\"description\":\"Tout pour le chat et pour tous les chats\",\"potentialAction\":[{\"@type\":\"SearchAction\",\"target\":{\"@type\":\"EntryPoint\",\"urlTemplate\":\"https:\/\/chatdoc.fr\/fr\/?s={search_term_string}\"},\"query-input\":\"required name=search_term_string\"}],\"inLanguage\":\"fr-FR\"}]}<\/script>\n<!-- \/ Yoast SEO plugin. -->","yoast_head_json":{"title":"Nos prestations - ChatDOC","robots":{"index":"index","follow":"follow","max-snippet":"max-snippet:-1","max-image-preview":"max-image-preview:large","max-video-preview":"max-video-preview:-1"},"canonical":"https:\/\/chatdoc.fr\/fr\/nos-prestations\/","og_locale":"fr_FR","og_type":"article","og_title":"Nos prestations - ChatDOC","og_description":"Les prix affich\u00e9s sont T.T.C (TVA \u00e0 20%) et s&rsquo;appliquent sauf cas particuliers de complications m\u00e9dicales ou chirurgicales d\u00e9coulant de la maladie ou l&rsquo;accident, ou demande particuli\u00e8re de la personne accompagnant le chat. Les tarifs de toutes nos prestations sont \u00e0 la disposition de notre client\u00e8le sur simple demande. M\u00e9decine g\u00e9n\u00e9rale Consultation g\u00e9n\u00e9rale 53 \u20ac Consultation de comportement (malpropret\u00e9, agressivit\u00e9, anxi\u00e9t\u00e9 etc.) entre 84&hellip;","og_url":"https:\/\/chatdoc.fr\/fr\/nos-prestations\/","og_site_name":"ChatDOC","article_modified_time":"2025-02-20T08:10:19+00:00","twitter_card":"summary_large_image","twitter_misc":{"Dur\u00e9e de lecture estim\u00e9e":"2 minutes"},"schema":{"@context":"https:\/\/schema.org","@graph":[{"@type":"WebPage","@id":"https:\/\/chatdoc.fr\/fr\/nos-prestations\/","url":"https:\/\/chatdoc.fr\/fr\/nos-prestations\/","name":"Nos prestations - ChatDOC","isPartOf":{"@id":"https:\/\/chatdoc.fr\/fr\/#website"},"datePublished":"2017-10-17T18:43:04+00:00","dateModified":"2025-02-20T08:10:19+00:00","breadcrumb":{"@id":"https:\/\/chatdoc.fr\/fr\/nos-prestations\/#breadcrumb"},"inLanguage":"fr-FR","potentialAction":[{"@type":"ReadAction","target":["https:\/\/chatdoc.fr\/fr\/nos-prestations\/"]}]},{"@type":"BreadcrumbList","@id":"https:\/\/chatdoc.fr\/fr\/nos-prestations\/#breadcrumb","itemListElement":[{"@type":"ListItem","position":1,"name":"Accueil","item":"https:\/\/chatdoc.fr\/fr\/"},{"@type":"ListItem","position":2,"name":"Nos prestations"}]},{"@type":"WebSite","@id":"https:\/\/chatdoc.fr\/fr\/#website","url":"https:\/\/chatdoc.fr\/fr\/","name":"ChatDOC","description":"Tout pour le chat et pour tous les chats","potentialAction":[{"@type":"SearchAction","target":{"@type":"EntryPoint","urlTemplate":"https:\/\/chatdoc.fr\/fr\/?s={search_term_string}"},"query-input":"required name=search_term_string"}],"inLanguage":"fr-FR"}]}},"_links":{"self":[{"href":"https:\/\/chatdoc.fr\/fr\/wp-json\/wp\/v2\/pages\/309"}],"collection":[{"href":"https:\/\/chatdoc.fr\/fr\/wp-json\/wp\/v2\/pages"}],"about":[{"href":"https:\/\/chatdoc.fr\/fr\/wp-json\/wp\/v2\/types\/page"}],"author":[{"embeddable":true,"href":"https:\/\/chatdoc.fr\/fr\/wp-json\/wp\/v2\/users\/1"}],"replies":[{"embeddable":true,"href":"https:\/\/chatdoc.fr\/fr\/wp-json\/wp\/v2\/comments?post=309"}],"version-history":[{"count":34,"href":"https:\/\/chatdoc.fr\/fr\/wp-json\/wp\/v2\/pages\/309\/revisions"}],"predecessor-version":[{"id":2252,"href":"https:\/\/chatdoc.fr\/fr\/wp-json\/wp\/v2\/pages\/309\/revisions\/2252"}],"wp:attachment":[{"href":"https:\/\/chatdoc.fr\/fr\/wp-json\/wp\/v2\/media?parent=309"}],"curies":[{"name":"wp","href":"https:\/\/api.w.org\/{rel}","templated":true}]}}