{"id":1363,"date":"2019-02-20T14:48:04","date_gmt":"2019-02-20T13:48:04","guid":{"rendered":"https:\/\/chatdoc.fr\/fr\/?page_id=1363"},"modified":"2022-05-17T15:36:52","modified_gmt":"2022-05-17T13:36:52","slug":"prendre-rendez-vous","status":"publish","type":"page","link":"https:\/\/chatdoc.fr\/fr\/prendre-rendez-vous\/","title":{"rendered":"Prendre rendez-vous"},"content":{"rendered":"\r\n<div class=\"container\">\r\n<div class=\"row top20\">\r\n<div class=\"content-area page-container col-md-12\">\r\n<h1 class=\"entry-title text-center\">Prendre rendez-vous en ligne<\/h1>\r\n<\/div>\r\n<\/div>\r\n<\/div>\r\n\r\n\r\n\r\n<div class=\"rdv2\">\r\n<p style=\"text-align: center;\"><strong>Vous souhaitez prendre rendez-vous en ligne ?<\/strong><br \/>Rien de plus simple : s\u00e9lectionnez \u00ab\u00a0chat\u00a0\u00bb puis le type de rendez-vous souhait\u00e9 et choisissez le cr\u00e9neau qui vous convient parmi ceux qui s&rsquo;affichent.<\/p>\r\n<p style=\"color: #ef772b; text-align: center; font-weight: bold; margin-top: 15px;\">L&rsquo;\u00e9tape \u00ab\u00a0Cr\u00e9ez votre compte\u00a0\u00bb vous permet de recevoir l&rsquo;e-mail de confirmation de votre rv et, si besoin, de le modifier (annulation).<\/p>\r\n<\/div>\r\n\r\n\r\n<!-- <iframe id=\"rdvframe\" src=\"https:\/\/chatdoc.fr\/fr\/rdv\/#\/pages\/home\" width=\"100%\" frameborder=\"0\" scrolling=\"no\">\r\n<\/iframe> -->\r\n<div id=\"vetowidget\">\u00a0<\/div>\r\n<p><script data-widget-clinic=\"5174\" data-primary-color=\"17428E\"\r\ndata-secondary-color=\"17428E\"\r\nsrc=\"https:\/\/widget.monrendezvousveto.fr\"><\/script><\/p>","protected":false},"excerpt":{"rendered":"<p>Prendre rendez-vous en ligne Vous souhaitez prendre rendez-vous en ligne ?Rien de plus simple : s\u00e9lectionnez \u00ab\u00a0chat\u00a0\u00bb puis le type de rendez-vous souhait\u00e9 et choisissez le cr\u00e9neau qui vous convient parmi ceux qui s&rsquo;affichent. L&rsquo;\u00e9tape \u00ab\u00a0Cr\u00e9ez votre compte\u00a0\u00bb vous permet de recevoir l&rsquo;e-mail de confirmation de votre rv et, si besoin, de le modifier (annulation). \u00a0<\/p>\n","protected":false},"author":1,"featured_media":0,"parent":0,"menu_order":0,"comment_status":"closed","ping_status":"closed","template":"page-iframe.php","meta":[],"yoast_head":"<!-- This site is optimized with the Yoast SEO plugin v20.1 - https:\/\/yoast.com\/wordpress\/plugins\/seo\/ -->\n<title>Prendre rendez-vous - ChatDOC<\/title>\n<meta name=\"robots\" content=\"index, follow, max-snippet:-1, max-image-preview:large, max-video-preview:-1\" \/>\n<link rel=\"canonical\" href=\"https:\/\/chatdoc.fr\/fr\/prendre-rendez-vous\/\" \/>\n<meta property=\"og:locale\" content=\"fr_FR\" \/>\n<meta property=\"og:type\" content=\"article\" \/>\n<meta property=\"og:title\" content=\"Prendre rendez-vous - ChatDOC\" \/>\n<meta property=\"og:description\" content=\"Prendre rendez-vous en ligne Vous souhaitez prendre rendez-vous en ligne ?Rien de plus simple : s\u00e9lectionnez \u00ab\u00a0chat\u00a0\u00bb puis le type de rendez-vous souhait\u00e9 et choisissez le cr\u00e9neau qui vous convient parmi ceux qui s&rsquo;affichent. L&rsquo;\u00e9tape \u00ab\u00a0Cr\u00e9ez votre compte\u00a0\u00bb vous permet de recevoir l&rsquo;e-mail de confirmation de votre rv et, si besoin, de le modifier (annulation). \u00a0\" \/>\n<meta property=\"og:url\" content=\"https:\/\/chatdoc.fr\/fr\/prendre-rendez-vous\/\" \/>\n<meta property=\"og:site_name\" content=\"ChatDOC\" \/>\n<meta property=\"article:modified_time\" content=\"2022-05-17T13:36:52+00:00\" \/>\n<meta name=\"twitter:card\" content=\"summary_large_image\" \/>\n<script type=\"application\/ld+json\" class=\"yoast-schema-graph\">{\"@context\":\"https:\/\/schema.org\",\"@graph\":[{\"@type\":\"WebPage\",\"@id\":\"https:\/\/chatdoc.fr\/fr\/prendre-rendez-vous\/\",\"url\":\"https:\/\/chatdoc.fr\/fr\/prendre-rendez-vous\/\",\"name\":\"Prendre rendez-vous - ChatDOC\",\"isPartOf\":{\"@id\":\"https:\/\/chatdoc.fr\/fr\/#website\"},\"datePublished\":\"2019-02-20T13:48:04+00:00\",\"dateModified\":\"2022-05-17T13:36:52+00:00\",\"breadcrumb\":{\"@id\":\"https:\/\/chatdoc.fr\/fr\/prendre-rendez-vous\/#breadcrumb\"},\"inLanguage\":\"fr-FR\",\"potentialAction\":[{\"@type\":\"ReadAction\",\"target\":[\"https:\/\/chatdoc.fr\/fr\/prendre-rendez-vous\/\"]}]},{\"@type\":\"BreadcrumbList\",\"@id\":\"https:\/\/chatdoc.fr\/fr\/prendre-rendez-vous\/#breadcrumb\",\"itemListElement\":[{\"@type\":\"ListItem\",\"position\":1,\"name\":\"Accueil\",\"item\":\"https:\/\/chatdoc.fr\/fr\/\"},{\"@type\":\"ListItem\",\"position\":2,\"name\":\"Prendre rendez-vous\"}]},{\"@type\":\"WebSite\",\"@id\":\"https:\/\/chatdoc.fr\/fr\/#website\",\"url\":\"https:\/\/chatdoc.fr\/fr\/\",\"name\":\"ChatDOC\",\"description\":\"Tout pour le chat et pour tous les chats\",\"potentialAction\":[{\"@type\":\"SearchAction\",\"target\":{\"@type\":\"EntryPoint\",\"urlTemplate\":\"https:\/\/chatdoc.fr\/fr\/?s={search_term_string}\"},\"query-input\":\"required name=search_term_string\"}],\"inLanguage\":\"fr-FR\"}]}<\/script>\n<!-- \/ Yoast SEO plugin. -->","yoast_head_json":{"title":"Prendre rendez-vous - ChatDOC","robots":{"index":"index","follow":"follow","max-snippet":"max-snippet:-1","max-image-preview":"max-image-preview:large","max-video-preview":"max-video-preview:-1"},"canonical":"https:\/\/chatdoc.fr\/fr\/prendre-rendez-vous\/","og_locale":"fr_FR","og_type":"article","og_title":"Prendre rendez-vous - ChatDOC","og_description":"Prendre rendez-vous en ligne Vous souhaitez prendre rendez-vous en ligne ?Rien de plus simple : s\u00e9lectionnez \u00ab\u00a0chat\u00a0\u00bb puis le type de rendez-vous souhait\u00e9 et choisissez le cr\u00e9neau qui vous convient parmi ceux qui s&rsquo;affichent. L&rsquo;\u00e9tape \u00ab\u00a0Cr\u00e9ez votre compte\u00a0\u00bb vous permet de recevoir l&rsquo;e-mail de confirmation de votre rv et, si besoin, de le modifier (annulation). \u00a0","og_url":"https:\/\/chatdoc.fr\/fr\/prendre-rendez-vous\/","og_site_name":"ChatDOC","article_modified_time":"2022-05-17T13:36:52+00:00","twitter_card":"summary_large_image","schema":{"@context":"https:\/\/schema.org","@graph":[{"@type":"WebPage","@id":"https:\/\/chatdoc.fr\/fr\/prendre-rendez-vous\/","url":"https:\/\/chatdoc.fr\/fr\/prendre-rendez-vous\/","name":"Prendre rendez-vous - ChatDOC","isPartOf":{"@id":"https:\/\/chatdoc.fr\/fr\/#website"},"datePublished":"2019-02-20T13:48:04+00:00","dateModified":"2022-05-17T13:36:52+00:00","breadcrumb":{"@id":"https:\/\/chatdoc.fr\/fr\/prendre-rendez-vous\/#breadcrumb"},"inLanguage":"fr-FR","potentialAction":[{"@type":"ReadAction","target":["https:\/\/chatdoc.fr\/fr\/prendre-rendez-vous\/"]}]},{"@type":"BreadcrumbList","@id":"https:\/\/chatdoc.fr\/fr\/prendre-rendez-vous\/#breadcrumb","itemListElement":[{"@type":"ListItem","position":1,"name":"Accueil","item":"https:\/\/chatdoc.fr\/fr\/"},{"@type":"ListItem","position":2,"name":"Prendre rendez-vous"}]},{"@type":"WebSite","@id":"https:\/\/chatdoc.fr\/fr\/#website","url":"https:\/\/chatdoc.fr\/fr\/","name":"ChatDOC","description":"Tout pour le chat et pour tous les chats","potentialAction":[{"@type":"SearchAction","target":{"@type":"EntryPoint","urlTemplate":"https:\/\/chatdoc.fr\/fr\/?s={search_term_string}"},"query-input":"required name=search_term_string"}],"inLanguage":"fr-FR"}]}},"_links":{"self":[{"href":"https:\/\/chatdoc.fr\/fr\/wp-json\/wp\/v2\/pages\/1363"}],"collection":[{"href":"https:\/\/chatdoc.fr\/fr\/wp-json\/wp\/v2\/pages"}],"about":[{"href":"https:\/\/chatdoc.fr\/fr\/wp-json\/wp\/v2\/types\/page"}],"author":[{"embeddable":true,"href":"https:\/\/chatdoc.fr\/fr\/wp-json\/wp\/v2\/users\/1"}],"replies":[{"embeddable":true,"href":"https:\/\/chatdoc.fr\/fr\/wp-json\/wp\/v2\/comments?post=1363"}],"version-history":[{"count":39,"href":"https:\/\/chatdoc.fr\/fr\/wp-json\/wp\/v2\/pages\/1363\/revisions"}],"predecessor-version":[{"id":2123,"href":"https:\/\/chatdoc.fr\/fr\/wp-json\/wp\/v2\/pages\/1363\/revisions\/2123"}],"wp:attachment":[{"href":"https:\/\/chatdoc.fr\/fr\/wp-json\/wp\/v2\/media?parent=1363"}],"curies":[{"name":"wp","href":"https:\/\/api.w.org\/{rel}","templated":true}]}}