{"id":11,"date":"2017-09-14T15:44:43","date_gmt":"2017-09-14T13:44:43","guid":{"rendered":"https:\/\/chatdoc.fr\/?page_id=11"},"modified":"2018-03-14T11:18:59","modified_gmt":"2018-03-14T10:18:59","slug":"la-galerie","status":"publish","type":"page","link":"https:\/\/chatdoc.fr\/fr\/la-galerie\/","title":{"rendered":"La galerie"},"content":{"rendered":"<div id='gallery-1' class='gallery galleryid-11 gallery-columns-3 gallery-size-thumbnail'><figure class='gallery-item'>\n\t\t\t<div class='gallery-icon landscape'>\n\t\t\t\t<a href='https:\/\/chatdoc.fr\/fr\/wp-content\/uploads\/2017\/09\/26.jpg' rel=\"lightbox[11]\"><img width=\"150\" height=\"150\" src=\"https:\/\/chatdoc.fr\/fr\/wp-content\/uploads\/2017\/09\/26-150x150.jpg\" class=\"attachment-thumbnail size-thumbnail\" alt=\"\" decoding=\"async\" loading=\"lazy\" srcset=\"https:\/\/chatdoc.fr\/fr\/wp-content\/uploads\/2017\/09\/26-150x150.jpg 150w, https:\/\/chatdoc.fr\/fr\/wp-content\/uploads\/2017\/09\/26-247x247.jpg 247w\" sizes=\"(max-width: 150px) 100vw, 150px\" \/><\/a>\n\t\t\t<\/div><\/figure><figure class='gallery-item'>\n\t\t\t<div class='gallery-icon portrait'>\n\t\t\t\t<a href='https:\/\/chatdoc.fr\/fr\/wp-content\/uploads\/2017\/09\/22.jpg' rel=\"lightbox[11]\"><img width=\"150\" height=\"150\" src=\"https:\/\/chatdoc.fr\/fr\/wp-content\/uploads\/2017\/09\/22-150x150.jpg\" class=\"attachment-thumbnail size-thumbnail\" alt=\"\" decoding=\"async\" loading=\"lazy\" srcset=\"https:\/\/chatdoc.fr\/fr\/wp-content\/uploads\/2017\/09\/22-150x150.jpg 150w, https:\/\/chatdoc.fr\/fr\/wp-content\/uploads\/2017\/09\/22-247x247.jpg 247w\" sizes=\"(max-width: 150px) 100vw, 150px\" \/><\/a>\n\t\t\t<\/div><\/figure><figure class='gallery-item'>\n\t\t\t<div class='gallery-icon portrait'>\n\t\t\t\t<a href='https:\/\/chatdoc.fr\/fr\/wp-content\/uploads\/2017\/09\/chd2-e1521020385514.jpg' rel=\"lightbox[11]\"><img width=\"150\" height=\"150\" src=\"https:\/\/chatdoc.fr\/fr\/wp-content\/uploads\/2017\/09\/chd2-e1521020385514-150x150.jpg\" class=\"attachment-thumbnail size-thumbnail\" alt=\"\" decoding=\"async\" loading=\"lazy\" srcset=\"https:\/\/chatdoc.fr\/fr\/wp-content\/uploads\/2017\/09\/chd2-e1521020385514-150x150.jpg 150w, https:\/\/chatdoc.fr\/fr\/wp-content\/uploads\/2017\/09\/chd2-e1521020385514-247x247.jpg 247w\" sizes=\"(max-width: 150px) 100vw, 150px\" \/><\/a>\n\t\t\t<\/div><\/figure><figure class='gallery-item'>\n\t\t\t<div class='gallery-icon landscape'>\n\t\t\t\t<a href='https:\/\/chatdoc.fr\/fr\/wp-content\/uploads\/2017\/09\/14.jpg' rel=\"lightbox[11]\"><img width=\"150\" height=\"150\" src=\"https:\/\/chatdoc.fr\/fr\/wp-content\/uploads\/2017\/09\/14-150x150.jpg\" class=\"attachment-thumbnail size-thumbnail\" alt=\"\" decoding=\"async\" loading=\"lazy\" srcset=\"https:\/\/chatdoc.fr\/fr\/wp-content\/uploads\/2017\/09\/14-150x150.jpg 150w, https:\/\/chatdoc.fr\/fr\/wp-content\/uploads\/2017\/09\/14-247x247.jpg 247w\" sizes=\"(max-width: 150px) 100vw, 150px\" \/><\/a>\n\t\t\t<\/div><\/figure><figure class='gallery-item'>\n\t\t\t<div class='gallery-icon landscape'>\n\t\t\t\t<a href='https:\/\/chatdoc.fr\/fr\/wp-content\/uploads\/2017\/09\/18.jpg' rel=\"lightbox[11]\"><img width=\"150\" height=\"150\" src=\"https:\/\/chatdoc.fr\/fr\/wp-content\/uploads\/2017\/09\/18-150x150.jpg\" class=\"attachment-thumbnail size-thumbnail\" alt=\"Aude, v\u00e9t\u00e9rinaire \u00e0 l&#039;initiative de ChatDOC, examine une radiographie, la t\u00eate d&#039;un chaton pos\u00e9e sur son \u00e9paule\" decoding=\"async\" loading=\"lazy\" srcset=\"https:\/\/chatdoc.fr\/fr\/wp-content\/uploads\/2017\/09\/18-150x150.jpg 150w, https:\/\/chatdoc.fr\/fr\/wp-content\/uploads\/2017\/09\/18-247x247.jpg 247w\" sizes=\"(max-width: 150px) 100vw, 150px\" \/><\/a>\n\t\t\t<\/div><\/figure><figure class='gallery-item'>\n\t\t\t<div class='gallery-icon landscape'>\n\t\t\t\t<a href='https:\/\/chatdoc.fr\/fr\/wp-content\/uploads\/2017\/09\/17.jpg' rel=\"lightbox[11]\"><img width=\"150\" height=\"150\" src=\"https:\/\/chatdoc.fr\/fr\/wp-content\/uploads\/2017\/09\/17-150x150.jpg\" class=\"attachment-thumbnail size-thumbnail\" alt=\"\" decoding=\"async\" loading=\"lazy\" srcset=\"https:\/\/chatdoc.fr\/fr\/wp-content\/uploads\/2017\/09\/17-150x150.jpg 150w, https:\/\/chatdoc.fr\/fr\/wp-content\/uploads\/2017\/09\/17-247x247.jpg 247w\" sizes=\"(max-width: 150px) 100vw, 150px\" \/><\/a>\n\t\t\t<\/div><\/figure><figure class='gallery-item'>\n\t\t\t<div class='gallery-icon landscape'>\n\t\t\t\t<a href='https:\/\/chatdoc.fr\/fr\/wp-content\/uploads\/2017\/09\/20.jpg' rel=\"lightbox[11]\"><img width=\"150\" height=\"150\" src=\"https:\/\/chatdoc.fr\/fr\/wp-content\/uploads\/2017\/09\/20-150x150.jpg\" class=\"attachment-thumbnail size-thumbnail\" alt=\"\" decoding=\"async\" loading=\"lazy\" srcset=\"https:\/\/chatdoc.fr\/fr\/wp-content\/uploads\/2017\/09\/20-150x150.jpg 150w, https:\/\/chatdoc.fr\/fr\/wp-content\/uploads\/2017\/09\/20-247x247.jpg 247w\" sizes=\"(max-width: 150px) 100vw, 150px\" \/><\/a>\n\t\t\t<\/div><\/figure><figure class='gallery-item'>\n\t\t\t<div class='gallery-icon landscape'>\n\t\t\t\t<a href='https:\/\/chatdoc.fr\/fr\/wp-content\/uploads\/2018\/02\/julienclavierchatdoc4.png' rel=\"lightbox[11]\"><img width=\"150\" height=\"150\" src=\"https:\/\/chatdoc.fr\/fr\/wp-content\/uploads\/2018\/02\/julienclavierchatdoc4-150x150.png\" class=\"attachment-thumbnail size-thumbnail\" alt=\"\" decoding=\"async\" loading=\"lazy\" srcset=\"https:\/\/chatdoc.fr\/fr\/wp-content\/uploads\/2018\/02\/julienclavierchatdoc4-150x150.png 150w, https:\/\/chatdoc.fr\/fr\/wp-content\/uploads\/2018\/02\/julienclavierchatdoc4-247x247.png 247w\" sizes=\"(max-width: 150px) 100vw, 150px\" \/><\/a>\n\t\t\t<\/div><\/figure><figure class='gallery-item'>\n\t\t\t<div class='gallery-icon landscape'>\n\t\t\t\t<a href='https:\/\/chatdoc.fr\/fr\/wp-content\/uploads\/2017\/09\/23.jpg' rel=\"lightbox[11]\"><img width=\"150\" height=\"150\" src=\"https:\/\/chatdoc.fr\/fr\/wp-content\/uploads\/2017\/09\/23-150x150.jpg\" class=\"attachment-thumbnail size-thumbnail\" alt=\"\" decoding=\"async\" loading=\"lazy\" srcset=\"https:\/\/chatdoc.fr\/fr\/wp-content\/uploads\/2017\/09\/23-150x150.jpg 150w, https:\/\/chatdoc.fr\/fr\/wp-content\/uploads\/2017\/09\/23-247x247.jpg 247w\" sizes=\"(max-width: 150px) 100vw, 150px\" \/><\/a>\n\t\t\t<\/div><\/figure><figure class='gallery-item'>\n\t\t\t<div class='gallery-icon portrait'>\n\t\t\t\t<a href='https:\/\/chatdoc.fr\/fr\/wp-content\/uploads\/2017\/09\/chd1-e1521020394713.jpg' rel=\"lightbox[11]\"><img width=\"150\" height=\"150\" src=\"https:\/\/chatdoc.fr\/fr\/wp-content\/uploads\/2017\/09\/chd1-e1521020394713-150x150.jpg\" class=\"attachment-thumbnail size-thumbnail\" alt=\"\" decoding=\"async\" loading=\"lazy\" srcset=\"https:\/\/chatdoc.fr\/fr\/wp-content\/uploads\/2017\/09\/chd1-e1521020394713-150x150.jpg 150w, https:\/\/chatdoc.fr\/fr\/wp-content\/uploads\/2017\/09\/chd1-e1521020394713-247x247.jpg 247w\" sizes=\"(max-width: 150px) 100vw, 150px\" \/><\/a>\n\t\t\t<\/div><\/figure><figure class='gallery-item'>\n\t\t\t<div class='gallery-icon landscape'>\n\t\t\t\t<a href='https:\/\/chatdoc.fr\/fr\/wp-content\/uploads\/2017\/09\/25.jpg' rel=\"lightbox[11]\"><img width=\"150\" height=\"150\" src=\"https:\/\/chatdoc.fr\/fr\/wp-content\/uploads\/2017\/09\/25-150x150.jpg\" class=\"attachment-thumbnail size-thumbnail\" alt=\"Exemple de boxes individuels d&#039;une pension pour chats.\" decoding=\"async\" loading=\"lazy\" srcset=\"https:\/\/chatdoc.fr\/fr\/wp-content\/uploads\/2017\/09\/25-150x150.jpg 150w, https:\/\/chatdoc.fr\/fr\/wp-content\/uploads\/2017\/09\/25-247x247.jpg 247w\" sizes=\"(max-width: 150px) 100vw, 150px\" \/><\/a>\n\t\t\t<\/div><\/figure>\n\t\t<\/div>\n\n","protected":false},"excerpt":{"rendered":"","protected":false},"author":1,"featured_media":0,"parent":0,"menu_order":0,"comment_status":"closed","ping_status":"closed","template":"","meta":[],"yoast_head":"<!-- This site is optimized with the Yoast SEO plugin v20.1 - https:\/\/yoast.com\/wordpress\/plugins\/seo\/ -->\n<title>La galerie - ChatDOC<\/title>\n<meta name=\"robots\" content=\"index, follow, max-snippet:-1, max-image-preview:large, max-video-preview:-1\" \/>\n<link rel=\"canonical\" href=\"https:\/\/chatdoc.fr\/fr\/la-galerie\/\" \/>\n<meta property=\"og:locale\" content=\"fr_FR\" \/>\n<meta property=\"og:type\" content=\"article\" \/>\n<meta property=\"og:title\" content=\"La galerie - ChatDOC\" \/>\n<meta property=\"og:url\" content=\"https:\/\/chatdoc.fr\/fr\/la-galerie\/\" \/>\n<meta property=\"og:site_name\" content=\"ChatDOC\" \/>\n<meta property=\"article:modified_time\" content=\"2018-03-14T10:18:59+00:00\" \/>\n<meta property=\"og:image\" content=\"https:\/\/chatdoc.fr\/fr\/wp-content\/uploads\/2017\/09\/chd1-e1521020394713-150x150.jpg\" \/>\n<meta name=\"twitter:card\" content=\"summary_large_image\" \/>\n<script type=\"application\/ld+json\" class=\"yoast-schema-graph\">{\"@context\":\"https:\/\/schema.org\",\"@graph\":[{\"@type\":\"WebPage\",\"@id\":\"https:\/\/chatdoc.fr\/fr\/la-galerie\/\",\"url\":\"https:\/\/chatdoc.fr\/fr\/la-galerie\/\",\"name\":\"La galerie - ChatDOC\",\"isPartOf\":{\"@id\":\"https:\/\/chatdoc.fr\/fr\/#website\"},\"datePublished\":\"2017-09-14T13:44:43+00:00\",\"dateModified\":\"2018-03-14T10:18:59+00:00\",\"breadcrumb\":{\"@id\":\"https:\/\/chatdoc.fr\/fr\/la-galerie\/#breadcrumb\"},\"inLanguage\":\"fr-FR\",\"potentialAction\":[{\"@type\":\"ReadAction\",\"target\":[\"https:\/\/chatdoc.fr\/fr\/la-galerie\/\"]}]},{\"@type\":\"BreadcrumbList\",\"@id\":\"https:\/\/chatdoc.fr\/fr\/la-galerie\/#breadcrumb\",\"itemListElement\":[{\"@type\":\"ListItem\",\"position\":1,\"name\":\"Accueil\",\"item\":\"https:\/\/chatdoc.fr\/fr\/\"},{\"@type\":\"ListItem\",\"position\":2,\"name\":\"La galerie\"}]},{\"@type\":\"WebSite\",\"@id\":\"https:\/\/chatdoc.fr\/fr\/#website\",\"url\":\"https:\/\/chatdoc.fr\/fr\/\",\"name\":\"ChatDOC\",\"description\":\"Tout pour le chat et pour tous les chats\",\"potentialAction\":[{\"@type\":\"SearchAction\",\"target\":{\"@type\":\"EntryPoint\",\"urlTemplate\":\"https:\/\/chatdoc.fr\/fr\/?s={search_term_string}\"},\"query-input\":\"required name=search_term_string\"}],\"inLanguage\":\"fr-FR\"}]}<\/script>\n<!-- \/ Yoast SEO plugin. -->","yoast_head_json":{"title":"La galerie - ChatDOC","robots":{"index":"index","follow":"follow","max-snippet":"max-snippet:-1","max-image-preview":"max-image-preview:large","max-video-preview":"max-video-preview:-1"},"canonical":"https:\/\/chatdoc.fr\/fr\/la-galerie\/","og_locale":"fr_FR","og_type":"article","og_title":"La galerie - ChatDOC","og_url":"https:\/\/chatdoc.fr\/fr\/la-galerie\/","og_site_name":"ChatDOC","article_modified_time":"2018-03-14T10:18:59+00:00","og_image":[{"url":"https:\/\/chatdoc.fr\/fr\/wp-content\/uploads\/2017\/09\/chd1-e1521020394713-150x150.jpg"}],"twitter_card":"summary_large_image","schema":{"@context":"https:\/\/schema.org","@graph":[{"@type":"WebPage","@id":"https:\/\/chatdoc.fr\/fr\/la-galerie\/","url":"https:\/\/chatdoc.fr\/fr\/la-galerie\/","name":"La galerie - ChatDOC","isPartOf":{"@id":"https:\/\/chatdoc.fr\/fr\/#website"},"datePublished":"2017-09-14T13:44:43+00:00","dateModified":"2018-03-14T10:18:59+00:00","breadcrumb":{"@id":"https:\/\/chatdoc.fr\/fr\/la-galerie\/#breadcrumb"},"inLanguage":"fr-FR","potentialAction":[{"@type":"ReadAction","target":["https:\/\/chatdoc.fr\/fr\/la-galerie\/"]}]},{"@type":"BreadcrumbList","@id":"https:\/\/chatdoc.fr\/fr\/la-galerie\/#breadcrumb","itemListElement":[{"@type":"ListItem","position":1,"name":"Accueil","item":"https:\/\/chatdoc.fr\/fr\/"},{"@type":"ListItem","position":2,"name":"La galerie"}]},{"@type":"WebSite","@id":"https:\/\/chatdoc.fr\/fr\/#website","url":"https:\/\/chatdoc.fr\/fr\/","name":"ChatDOC","description":"Tout pour le chat et pour tous les chats","potentialAction":[{"@type":"SearchAction","target":{"@type":"EntryPoint","urlTemplate":"https:\/\/chatdoc.fr\/fr\/?s={search_term_string}"},"query-input":"required name=search_term_string"}],"inLanguage":"fr-FR"}]}},"_links":{"self":[{"href":"https:\/\/chatdoc.fr\/fr\/wp-json\/wp\/v2\/pages\/11"}],"collection":[{"href":"https:\/\/chatdoc.fr\/fr\/wp-json\/wp\/v2\/pages"}],"about":[{"href":"https:\/\/chatdoc.fr\/fr\/wp-json\/wp\/v2\/types\/page"}],"author":[{"embeddable":true,"href":"https:\/\/chatdoc.fr\/fr\/wp-json\/wp\/v2\/users\/1"}],"replies":[{"embeddable":true,"href":"https:\/\/chatdoc.fr\/fr\/wp-json\/wp\/v2\/comments?post=11"}],"version-history":[{"count":15,"href":"https:\/\/chatdoc.fr\/fr\/wp-json\/wp\/v2\/pages\/11\/revisions"}],"predecessor-version":[{"id":1048,"href":"https:\/\/chatdoc.fr\/fr\/wp-json\/wp\/v2\/pages\/11\/revisions\/1048"}],"wp:attachment":[{"href":"https:\/\/chatdoc.fr\/fr\/wp-json\/wp\/v2\/media?parent=11"}],"curies":[{"name":"wp","href":"https:\/\/api.w.org\/{rel}","templated":true}]}}