{"id":103,"date":"2017-09-17T10:42:22","date_gmt":"2017-09-17T08:42:22","guid":{"rendered":"https:\/\/chatdoc.fr\/?page_id=103"},"modified":"2018-02-08T10:14:18","modified_gmt":"2018-02-08T09:14:18","slug":"visitez-la-clinique","status":"publish","type":"page","link":"https:\/\/chatdoc.fr\/fr\/visitez-la-clinique\/","title":{"rendered":"Visitez la clinique"},"content":{"rendered":"<div class=\"concept\">\n<p>D\u00e9couvrez notre clinique d\u00e9di\u00e9e aux chats comme si vous \u00e9tiez !<\/p>\n<p><b>L\u2019am\u00e9nagement de chaque pi\u00e8ce a \u00e9t\u00e9 soigneusement r\u00e9fl\u00e9chi pour que votre chat s\u2019y sente bien<\/b><\/p>\n<ul>\n<li><i class=\"fa fa-arrow-right\" aria-hidden=\"true\"><\/i> \u00c0 l&rsquo;accueil et en salle d&rsquo;attente, des tables sont \u00e0 votre disposition pour poser votre bo\u00eete de transport<\/li>\n<li><i class=\"fa fa-arrow-right\" aria-hidden=\"true\"><\/i> Les salles de consultations sont \u00e0 taille \u00ab\u00a0chat\u00a0\u00bb. Elles sont con\u00e7ues pour que votre chat soit rassur\u00e9 et qu&rsquo;il s&rsquo;y sente bien ;<\/li>\n<li><i class=\"fa fa-arrow-right\" aria-hidden=\"true\"><\/i> Apr\u00e8s chaque chirurgie, votre chat se r\u00e9veillera dans une couveuse qui lui assure une r\u00e9veil en s\u00e9curit\u00e9 et tout en douceur.<\/li>\n<li><i class=\"fa fa-arrow-right\" aria-hidden=\"true\"><\/i> En hospitalisation, le chat a des espaces de vie diff\u00e9rents, des tablettes pour se percher.<\/li>\n<li><i class=\"fa fa-arrow-right\" aria-hidden=\"true\"><\/i> Il y a m\u00eame un espace de d\u00e9tente o\u00f9 il pourra se d\u00e9gourdir les pattes et dans lequel vous pourrez passer un moment avec lui lorsque vous lui rendrez visite.<\/li>\n<\/ul>\n<div class=\"text-center\">\n<div id='gallery-1' class='gallery galleryid-103 gallery-columns-3 gallery-size-thumbnail'><figure class='gallery-item'>\n\t\t\t<div class='gallery-icon landscape'>\n\t\t\t\t<a href='https:\/\/chatdoc.fr\/fr\/wp-content\/uploads\/2017\/09\/1.jpg' rel=\"lightbox[103]\"><img width=\"150\" height=\"150\" src=\"https:\/\/chatdoc.fr\/fr\/wp-content\/uploads\/2017\/09\/1-150x150.jpg\" class=\"attachment-thumbnail size-thumbnail\" alt=\"\" decoding=\"async\" loading=\"lazy\" srcset=\"https:\/\/chatdoc.fr\/fr\/wp-content\/uploads\/2017\/09\/1-150x150.jpg 150w, https:\/\/chatdoc.fr\/fr\/wp-content\/uploads\/2017\/09\/1-247x247.jpg 247w\" sizes=\"(max-width: 150px) 100vw, 150px\" \/><\/a>\n\t\t\t<\/div><\/figure><figure class='gallery-item'>\n\t\t\t<div class='gallery-icon landscape'>\n\t\t\t\t<a href='https:\/\/chatdoc.fr\/fr\/wp-content\/uploads\/2017\/09\/2.jpg' rel=\"lightbox[103]\"><img width=\"150\" height=\"150\" src=\"https:\/\/chatdoc.fr\/fr\/wp-content\/uploads\/2017\/09\/2-150x150.jpg\" class=\"attachment-thumbnail size-thumbnail\" alt=\"\" decoding=\"async\" loading=\"lazy\" srcset=\"https:\/\/chatdoc.fr\/fr\/wp-content\/uploads\/2017\/09\/2-150x150.jpg 150w, https:\/\/chatdoc.fr\/fr\/wp-content\/uploads\/2017\/09\/2-247x247.jpg 247w\" sizes=\"(max-width: 150px) 100vw, 150px\" \/><\/a>\n\t\t\t<\/div><\/figure><figure class='gallery-item'>\n\t\t\t<div class='gallery-icon portrait'>\n\t\t\t\t<a href='https:\/\/chatdoc.fr\/fr\/wp-content\/uploads\/2017\/09\/3.jpg' rel=\"lightbox[103]\"><img width=\"150\" height=\"150\" src=\"https:\/\/chatdoc.fr\/fr\/wp-content\/uploads\/2017\/09\/3-150x150.jpg\" class=\"attachment-thumbnail size-thumbnail\" alt=\"\" decoding=\"async\" loading=\"lazy\" srcset=\"https:\/\/chatdoc.fr\/fr\/wp-content\/uploads\/2017\/09\/3-150x150.jpg 150w, https:\/\/chatdoc.fr\/fr\/wp-content\/uploads\/2017\/09\/3-247x247.jpg 247w\" sizes=\"(max-width: 150px) 100vw, 150px\" \/><\/a>\n\t\t\t<\/div><\/figure><figure class='gallery-item'>\n\t\t\t<div class='gallery-icon landscape'>\n\t\t\t\t<a href='https:\/\/chatdoc.fr\/fr\/wp-content\/uploads\/2017\/09\/4.jpg' rel=\"lightbox[103]\"><img width=\"150\" height=\"150\" src=\"https:\/\/chatdoc.fr\/fr\/wp-content\/uploads\/2017\/09\/4-150x150.jpg\" class=\"attachment-thumbnail size-thumbnail\" alt=\"\" decoding=\"async\" loading=\"lazy\" srcset=\"https:\/\/chatdoc.fr\/fr\/wp-content\/uploads\/2017\/09\/4-150x150.jpg 150w, https:\/\/chatdoc.fr\/fr\/wp-content\/uploads\/2017\/09\/4-247x247.jpg 247w\" sizes=\"(max-width: 150px) 100vw, 150px\" \/><\/a>\n\t\t\t<\/div><\/figure><figure class='gallery-item'>\n\t\t\t<div class='gallery-icon landscape'>\n\t\t\t\t<a href='https:\/\/chatdoc.fr\/fr\/wp-content\/uploads\/2017\/09\/5.jpg' rel=\"lightbox[103]\"><img width=\"150\" height=\"150\" src=\"https:\/\/chatdoc.fr\/fr\/wp-content\/uploads\/2017\/09\/5-150x150.jpg\" class=\"attachment-thumbnail size-thumbnail\" alt=\"\" decoding=\"async\" loading=\"lazy\" srcset=\"https:\/\/chatdoc.fr\/fr\/wp-content\/uploads\/2017\/09\/5-150x150.jpg 150w, https:\/\/chatdoc.fr\/fr\/wp-content\/uploads\/2017\/09\/5-247x247.jpg 247w\" sizes=\"(max-width: 150px) 100vw, 150px\" \/><\/a>\n\t\t\t<\/div><\/figure><figure class='gallery-item'>\n\t\t\t<div class='gallery-icon landscape'>\n\t\t\t\t<a href='https:\/\/chatdoc.fr\/fr\/wp-content\/uploads\/2017\/09\/6.jpg' rel=\"lightbox[103]\"><img width=\"150\" height=\"150\" src=\"https:\/\/chatdoc.fr\/fr\/wp-content\/uploads\/2017\/09\/6-150x150.jpg\" class=\"attachment-thumbnail size-thumbnail\" alt=\"\" decoding=\"async\" loading=\"lazy\" srcset=\"https:\/\/chatdoc.fr\/fr\/wp-content\/uploads\/2017\/09\/6-150x150.jpg 150w, https:\/\/chatdoc.fr\/fr\/wp-content\/uploads\/2017\/09\/6-247x247.jpg 247w\" sizes=\"(max-width: 150px) 100vw, 150px\" \/><\/a>\n\t\t\t<\/div><\/figure><figure class='gallery-item'>\n\t\t\t<div class='gallery-icon landscape'>\n\t\t\t\t<a href='https:\/\/chatdoc.fr\/fr\/wp-content\/uploads\/2017\/09\/7.jpg' rel=\"lightbox[103]\"><img width=\"150\" height=\"150\" src=\"https:\/\/chatdoc.fr\/fr\/wp-content\/uploads\/2017\/09\/7-150x150.jpg\" class=\"attachment-thumbnail size-thumbnail\" alt=\"\" decoding=\"async\" loading=\"lazy\" srcset=\"https:\/\/chatdoc.fr\/fr\/wp-content\/uploads\/2017\/09\/7-150x150.jpg 150w, https:\/\/chatdoc.fr\/fr\/wp-content\/uploads\/2017\/09\/7-247x247.jpg 247w\" sizes=\"(max-width: 150px) 100vw, 150px\" \/><\/a>\n\t\t\t<\/div><\/figure><figure class='gallery-item'>\n\t\t\t<div class='gallery-icon landscape'>\n\t\t\t\t<a href='https:\/\/chatdoc.fr\/fr\/wp-content\/uploads\/2017\/09\/8.jpg' rel=\"lightbox[103]\"><img width=\"150\" height=\"150\" src=\"https:\/\/chatdoc.fr\/fr\/wp-content\/uploads\/2017\/09\/8-150x150.jpg\" class=\"attachment-thumbnail size-thumbnail\" alt=\"\" decoding=\"async\" loading=\"lazy\" srcset=\"https:\/\/chatdoc.fr\/fr\/wp-content\/uploads\/2017\/09\/8-150x150.jpg 150w, https:\/\/chatdoc.fr\/fr\/wp-content\/uploads\/2017\/09\/8-247x247.jpg 247w\" sizes=\"(max-width: 150px) 100vw, 150px\" \/><\/a>\n\t\t\t<\/div><\/figure><figure class='gallery-item'>\n\t\t\t<div class='gallery-icon landscape'>\n\t\t\t\t<a href='https:\/\/chatdoc.fr\/fr\/wp-content\/uploads\/2017\/09\/9.jpg' rel=\"lightbox[103]\"><img width=\"150\" height=\"150\" src=\"https:\/\/chatdoc.fr\/fr\/wp-content\/uploads\/2017\/09\/9-150x150.jpg\" class=\"attachment-thumbnail size-thumbnail\" alt=\"\" decoding=\"async\" loading=\"lazy\" srcset=\"https:\/\/chatdoc.fr\/fr\/wp-content\/uploads\/2017\/09\/9-150x150.jpg 150w, https:\/\/chatdoc.fr\/fr\/wp-content\/uploads\/2017\/09\/9-247x247.jpg 247w\" sizes=\"(max-width: 150px) 100vw, 150px\" \/><\/a>\n\t\t\t<\/div><\/figure><figure class='gallery-item'>\n\t\t\t<div class='gallery-icon landscape'>\n\t\t\t\t<a href='https:\/\/chatdoc.fr\/fr\/wp-content\/uploads\/2017\/09\/10.jpg' rel=\"lightbox[103]\"><img width=\"150\" height=\"150\" src=\"https:\/\/chatdoc.fr\/fr\/wp-content\/uploads\/2017\/09\/10-150x150.jpg\" class=\"attachment-thumbnail size-thumbnail\" alt=\"\" decoding=\"async\" loading=\"lazy\" srcset=\"https:\/\/chatdoc.fr\/fr\/wp-content\/uploads\/2017\/09\/10-150x150.jpg 150w, https:\/\/chatdoc.fr\/fr\/wp-content\/uploads\/2017\/09\/10-247x247.jpg 247w\" sizes=\"(max-width: 150px) 100vw, 150px\" \/><\/a>\n\t\t\t<\/div><\/figure><figure class='gallery-item'>\n\t\t\t<div class='gallery-icon landscape'>\n\t\t\t\t<a href='https:\/\/chatdoc.fr\/fr\/wp-content\/uploads\/2017\/09\/11.jpg' rel=\"lightbox[103]\"><img width=\"150\" height=\"150\" src=\"https:\/\/chatdoc.fr\/fr\/wp-content\/uploads\/2017\/09\/11-150x150.jpg\" class=\"attachment-thumbnail size-thumbnail\" alt=\"\" decoding=\"async\" loading=\"lazy\" aria-describedby=\"gallery-1-987\" srcset=\"https:\/\/chatdoc.fr\/fr\/wp-content\/uploads\/2017\/09\/11-150x150.jpg 150w, https:\/\/chatdoc.fr\/fr\/wp-content\/uploads\/2017\/09\/11-247x247.jpg 247w\" sizes=\"(max-width: 150px) 100vw, 150px\" \/><\/a>\n\t\t\t<\/div>\n\t\t\t\t<figcaption class='wp-caption-text gallery-caption' id='gallery-1-987'>\n\t\t\t\tConsultation chat s\u00e9nior \n\t\t\t\t<\/figcaption><\/figure><figure class='gallery-item'>\n\t\t\t<div class='gallery-icon landscape'>\n\t\t\t\t<a href='https:\/\/chatdoc.fr\/fr\/wp-content\/uploads\/2017\/09\/12.jpg' rel=\"lightbox[103]\"><img width=\"150\" height=\"150\" src=\"https:\/\/chatdoc.fr\/fr\/wp-content\/uploads\/2017\/09\/12-150x150.jpg\" class=\"attachment-thumbnail size-thumbnail\" alt=\"\" decoding=\"async\" loading=\"lazy\" srcset=\"https:\/\/chatdoc.fr\/fr\/wp-content\/uploads\/2017\/09\/12-150x150.jpg 150w, https:\/\/chatdoc.fr\/fr\/wp-content\/uploads\/2017\/09\/12-247x247.jpg 247w\" sizes=\"(max-width: 150px) 100vw, 150px\" \/><\/a>\n\t\t\t<\/div><\/figure><figure class='gallery-item'>\n\t\t\t<div class='gallery-icon landscape'>\n\t\t\t\t<a href='https:\/\/chatdoc.fr\/fr\/wp-content\/uploads\/2017\/09\/13.jpg' rel=\"lightbox[103]\"><img width=\"150\" height=\"150\" src=\"https:\/\/chatdoc.fr\/fr\/wp-content\/uploads\/2017\/09\/13-150x150.jpg\" class=\"attachment-thumbnail size-thumbnail\" alt=\"\" decoding=\"async\" loading=\"lazy\" srcset=\"https:\/\/chatdoc.fr\/fr\/wp-content\/uploads\/2017\/09\/13-150x150.jpg 150w, https:\/\/chatdoc.fr\/fr\/wp-content\/uploads\/2017\/09\/13-247x247.jpg 247w\" sizes=\"(max-width: 150px) 100vw, 150px\" \/><\/a>\n\t\t\t<\/div><\/figure><figure class='gallery-item'>\n\t\t\t<div class='gallery-icon landscape'>\n\t\t\t\t<a href='https:\/\/chatdoc.fr\/fr\/wp-content\/uploads\/2017\/09\/14.jpg' rel=\"lightbox[103]\"><img width=\"150\" height=\"150\" src=\"https:\/\/chatdoc.fr\/fr\/wp-content\/uploads\/2017\/09\/14-150x150.jpg\" class=\"attachment-thumbnail size-thumbnail\" alt=\"\" decoding=\"async\" loading=\"lazy\" srcset=\"https:\/\/chatdoc.fr\/fr\/wp-content\/uploads\/2017\/09\/14-150x150.jpg 150w, https:\/\/chatdoc.fr\/fr\/wp-content\/uploads\/2017\/09\/14-247x247.jpg 247w\" sizes=\"(max-width: 150px) 100vw, 150px\" \/><\/a>\n\t\t\t<\/div><\/figure><figure class='gallery-item'>\n\t\t\t<div class='gallery-icon landscape'>\n\t\t\t\t<a href='https:\/\/chatdoc.fr\/fr\/wp-content\/uploads\/2017\/09\/15.jpg' rel=\"lightbox[103]\"><img width=\"150\" height=\"150\" src=\"https:\/\/chatdoc.fr\/fr\/wp-content\/uploads\/2017\/09\/15-150x150.jpg\" class=\"attachment-thumbnail size-thumbnail\" alt=\"\" decoding=\"async\" loading=\"lazy\" srcset=\"https:\/\/chatdoc.fr\/fr\/wp-content\/uploads\/2017\/09\/15-150x150.jpg 150w, https:\/\/chatdoc.fr\/fr\/wp-content\/uploads\/2017\/09\/15-247x247.jpg 247w\" sizes=\"(max-width: 150px) 100vw, 150px\" \/><\/a>\n\t\t\t<\/div><\/figure><figure class='gallery-item'>\n\t\t\t<div class='gallery-icon landscape'>\n\t\t\t\t<a href='https:\/\/chatdoc.fr\/fr\/wp-content\/uploads\/2017\/09\/16.jpg' rel=\"lightbox[103]\"><img width=\"150\" height=\"150\" src=\"https:\/\/chatdoc.fr\/fr\/wp-content\/uploads\/2017\/09\/16-150x150.jpg\" class=\"attachment-thumbnail size-thumbnail\" alt=\"\" decoding=\"async\" loading=\"lazy\" srcset=\"https:\/\/chatdoc.fr\/fr\/wp-content\/uploads\/2017\/09\/16-150x150.jpg 150w, https:\/\/chatdoc.fr\/fr\/wp-content\/uploads\/2017\/09\/16-247x247.jpg 247w\" sizes=\"(max-width: 150px) 100vw, 150px\" \/><\/a>\n\t\t\t<\/div><\/figure><figure class='gallery-item'>\n\t\t\t<div class='gallery-icon landscape'>\n\t\t\t\t<a href='https:\/\/chatdoc.fr\/fr\/wp-content\/uploads\/2017\/09\/17.jpg' rel=\"lightbox[103]\"><img width=\"150\" height=\"150\" src=\"https:\/\/chatdoc.fr\/fr\/wp-content\/uploads\/2017\/09\/17-150x150.jpg\" class=\"attachment-thumbnail size-thumbnail\" alt=\"\" decoding=\"async\" loading=\"lazy\" srcset=\"https:\/\/chatdoc.fr\/fr\/wp-content\/uploads\/2017\/09\/17-150x150.jpg 150w, https:\/\/chatdoc.fr\/fr\/wp-content\/uploads\/2017\/09\/17-247x247.jpg 247w\" sizes=\"(max-width: 150px) 100vw, 150px\" \/><\/a>\n\t\t\t<\/div><\/figure><figure class='gallery-item'>\n\t\t\t<div class='gallery-icon landscape'>\n\t\t\t\t<a href='https:\/\/chatdoc.fr\/fr\/wp-content\/uploads\/2017\/09\/18.jpg' rel=\"lightbox[103]\"><img width=\"150\" height=\"150\" src=\"https:\/\/chatdoc.fr\/fr\/wp-content\/uploads\/2017\/09\/18-150x150.jpg\" class=\"attachment-thumbnail size-thumbnail\" alt=\"Aude, v\u00e9t\u00e9rinaire \u00e0 l&#039;initiative de ChatDOC, examine une radiographie, la t\u00eate d&#039;un chaton pos\u00e9e sur son \u00e9paule\" decoding=\"async\" loading=\"lazy\" srcset=\"https:\/\/chatdoc.fr\/fr\/wp-content\/uploads\/2017\/09\/18-150x150.jpg 150w, https:\/\/chatdoc.fr\/fr\/wp-content\/uploads\/2017\/09\/18-247x247.jpg 247w\" sizes=\"(max-width: 150px) 100vw, 150px\" \/><\/a>\n\t\t\t<\/div><\/figure><figure class='gallery-item'>\n\t\t\t<div class='gallery-icon portrait'>\n\t\t\t\t<a href='https:\/\/chatdoc.fr\/fr\/wp-content\/uploads\/2017\/09\/19.jpg' rel=\"lightbox[103]\"><img width=\"150\" height=\"150\" src=\"https:\/\/chatdoc.fr\/fr\/wp-content\/uploads\/2017\/09\/19-150x150.jpg\" class=\"attachment-thumbnail size-thumbnail\" alt=\"\" decoding=\"async\" loading=\"lazy\" srcset=\"https:\/\/chatdoc.fr\/fr\/wp-content\/uploads\/2017\/09\/19-150x150.jpg 150w, https:\/\/chatdoc.fr\/fr\/wp-content\/uploads\/2017\/09\/19-247x247.jpg 247w\" sizes=\"(max-width: 150px) 100vw, 150px\" \/><\/a>\n\t\t\t<\/div><\/figure><figure class='gallery-item'>\n\t\t\t<div class='gallery-icon landscape'>\n\t\t\t\t<a href='https:\/\/chatdoc.fr\/fr\/wp-content\/uploads\/2017\/09\/20.jpg' rel=\"lightbox[103]\"><img width=\"150\" height=\"150\" src=\"https:\/\/chatdoc.fr\/fr\/wp-content\/uploads\/2017\/09\/20-150x150.jpg\" class=\"attachment-thumbnail size-thumbnail\" alt=\"\" decoding=\"async\" loading=\"lazy\" srcset=\"https:\/\/chatdoc.fr\/fr\/wp-content\/uploads\/2017\/09\/20-150x150.jpg 150w, https:\/\/chatdoc.fr\/fr\/wp-content\/uploads\/2017\/09\/20-247x247.jpg 247w\" sizes=\"(max-width: 150px) 100vw, 150px\" \/><\/a>\n\t\t\t<\/div><\/figure><figure class='gallery-item'>\n\t\t\t<div class='gallery-icon landscape'>\n\t\t\t\t<a href='https:\/\/chatdoc.fr\/fr\/wp-content\/uploads\/2017\/09\/21.jpg' rel=\"lightbox[103]\"><img width=\"150\" height=\"150\" src=\"https:\/\/chatdoc.fr\/fr\/wp-content\/uploads\/2017\/09\/21-150x150.jpg\" class=\"attachment-thumbnail size-thumbnail\" alt=\"\" decoding=\"async\" loading=\"lazy\" srcset=\"https:\/\/chatdoc.fr\/fr\/wp-content\/uploads\/2017\/09\/21-150x150.jpg 150w, https:\/\/chatdoc.fr\/fr\/wp-content\/uploads\/2017\/09\/21-247x247.jpg 247w\" sizes=\"(max-width: 150px) 100vw, 150px\" \/><\/a>\n\t\t\t<\/div><\/figure><figure class='gallery-item'>\n\t\t\t<div class='gallery-icon portrait'>\n\t\t\t\t<a href='https:\/\/chatdoc.fr\/fr\/wp-content\/uploads\/2017\/09\/22.jpg' rel=\"lightbox[103]\"><img width=\"150\" height=\"150\" src=\"https:\/\/chatdoc.fr\/fr\/wp-content\/uploads\/2017\/09\/22-150x150.jpg\" class=\"attachment-thumbnail size-thumbnail\" alt=\"\" decoding=\"async\" loading=\"lazy\" srcset=\"https:\/\/chatdoc.fr\/fr\/wp-content\/uploads\/2017\/09\/22-150x150.jpg 150w, https:\/\/chatdoc.fr\/fr\/wp-content\/uploads\/2017\/09\/22-247x247.jpg 247w\" sizes=\"(max-width: 150px) 100vw, 150px\" \/><\/a>\n\t\t\t<\/div><\/figure><figure class='gallery-item'>\n\t\t\t<div class='gallery-icon landscape'>\n\t\t\t\t<a href='https:\/\/chatdoc.fr\/fr\/wp-content\/uploads\/2017\/09\/23.jpg' rel=\"lightbox[103]\"><img width=\"150\" height=\"150\" src=\"https:\/\/chatdoc.fr\/fr\/wp-content\/uploads\/2017\/09\/23-150x150.jpg\" class=\"attachment-thumbnail size-thumbnail\" alt=\"\" decoding=\"async\" loading=\"lazy\" srcset=\"https:\/\/chatdoc.fr\/fr\/wp-content\/uploads\/2017\/09\/23-150x150.jpg 150w, https:\/\/chatdoc.fr\/fr\/wp-content\/uploads\/2017\/09\/23-247x247.jpg 247w\" sizes=\"(max-width: 150px) 100vw, 150px\" \/><\/a>\n\t\t\t<\/div><\/figure><figure class='gallery-item'>\n\t\t\t<div class='gallery-icon landscape'>\n\t\t\t\t<a href='https:\/\/chatdoc.fr\/fr\/wp-content\/uploads\/2017\/09\/24.jpg' rel=\"lightbox[103]\"><img width=\"150\" height=\"150\" src=\"https:\/\/chatdoc.fr\/fr\/wp-content\/uploads\/2017\/09\/24-150x150.jpg\" class=\"attachment-thumbnail size-thumbnail\" alt=\"\" decoding=\"async\" loading=\"lazy\" srcset=\"https:\/\/chatdoc.fr\/fr\/wp-content\/uploads\/2017\/09\/24-150x150.jpg 150w, https:\/\/chatdoc.fr\/fr\/wp-content\/uploads\/2017\/09\/24-247x247.jpg 247w\" sizes=\"(max-width: 150px) 100vw, 150px\" \/><\/a>\n\t\t\t<\/div><\/figure><figure class='gallery-item'>\n\t\t\t<div class='gallery-icon landscape'>\n\t\t\t\t<a href='https:\/\/chatdoc.fr\/fr\/wp-content\/uploads\/2017\/09\/25.jpg' rel=\"lightbox[103]\"><img width=\"150\" height=\"150\" src=\"https:\/\/chatdoc.fr\/fr\/wp-content\/uploads\/2017\/09\/25-150x150.jpg\" class=\"attachment-thumbnail size-thumbnail\" alt=\"Exemple de boxes individuels d&#039;une pension pour chats.\" decoding=\"async\" loading=\"lazy\" srcset=\"https:\/\/chatdoc.fr\/fr\/wp-content\/uploads\/2017\/09\/25-150x150.jpg 150w, https:\/\/chatdoc.fr\/fr\/wp-content\/uploads\/2017\/09\/25-247x247.jpg 247w\" sizes=\"(max-width: 150px) 100vw, 150px\" \/><\/a>\n\t\t\t<\/div><\/figure><figure class='gallery-item'>\n\t\t\t<div class='gallery-icon landscape'>\n\t\t\t\t<a href='https:\/\/chatdoc.fr\/fr\/wp-content\/uploads\/2017\/09\/26.jpg' rel=\"lightbox[103]\"><img width=\"150\" height=\"150\" src=\"https:\/\/chatdoc.fr\/fr\/wp-content\/uploads\/2017\/09\/26-150x150.jpg\" class=\"attachment-thumbnail size-thumbnail\" alt=\"\" decoding=\"async\" loading=\"lazy\" srcset=\"https:\/\/chatdoc.fr\/fr\/wp-content\/uploads\/2017\/09\/26-150x150.jpg 150w, https:\/\/chatdoc.fr\/fr\/wp-content\/uploads\/2017\/09\/26-247x247.jpg 247w\" sizes=\"(max-width: 150px) 100vw, 150px\" \/><\/a>\n\t\t\t<\/div><\/figure><figure class='gallery-item'>\n\t\t\t<div class='gallery-icon portrait'>\n\t\t\t\t<a href='https:\/\/chatdoc.fr\/fr\/wp-content\/uploads\/2017\/09\/27.jpg' rel=\"lightbox[103]\"><img width=\"150\" height=\"150\" src=\"https:\/\/chatdoc.fr\/fr\/wp-content\/uploads\/2017\/09\/27-150x150.jpg\" class=\"attachment-thumbnail size-thumbnail\" alt=\"\" decoding=\"async\" loading=\"lazy\" srcset=\"https:\/\/chatdoc.fr\/fr\/wp-content\/uploads\/2017\/09\/27-150x150.jpg 150w, https:\/\/chatdoc.fr\/fr\/wp-content\/uploads\/2017\/09\/27-247x247.jpg 247w\" sizes=\"(max-width: 150px) 100vw, 150px\" \/><\/a>\n\t\t\t<\/div><\/figure>\n\t\t<\/div>\n\n<\/div>\n<\/div>\n","protected":false},"excerpt":{"rendered":"<p>D\u00e9couvrez notre clinique d\u00e9di\u00e9e aux chats comme si vous \u00e9tiez ! L\u2019am\u00e9nagement de chaque pi\u00e8ce a \u00e9t\u00e9 soigneusement r\u00e9fl\u00e9chi pour que votre chat s\u2019y sente bien \u00c0 l&rsquo;accueil et en salle d&rsquo;attente, des tables sont \u00e0 votre disposition pour poser votre bo\u00eete de transport Les salles de consultations sont \u00e0 taille \u00ab\u00a0chat\u00a0\u00bb. Elles sont con\u00e7ues pour que votre chat soit rassur\u00e9 et qu&rsquo;il s&rsquo;y&hellip;<\/p>\n","protected":false},"author":1,"featured_media":0,"parent":0,"menu_order":0,"comment_status":"closed","ping_status":"closed","template":"","meta":[],"yoast_head":"<!-- This site is optimized with the Yoast SEO plugin v20.1 - https:\/\/yoast.com\/wordpress\/plugins\/seo\/ -->\n<title>Visitez la clinique - ChatDOC<\/title>\n<meta name=\"robots\" content=\"index, follow, max-snippet:-1, max-image-preview:large, max-video-preview:-1\" \/>\n<link rel=\"canonical\" href=\"https:\/\/chatdoc.fr\/fr\/visitez-la-clinique\/\" \/>\n<meta property=\"og:locale\" content=\"fr_FR\" \/>\n<meta property=\"og:type\" content=\"article\" \/>\n<meta property=\"og:title\" content=\"Visitez la clinique - ChatDOC\" \/>\n<meta property=\"og:description\" content=\"D\u00e9couvrez notre clinique d\u00e9di\u00e9e aux chats comme si vous \u00e9tiez ! L\u2019am\u00e9nagement de chaque pi\u00e8ce a \u00e9t\u00e9 soigneusement r\u00e9fl\u00e9chi pour que votre chat s\u2019y sente bien \u00c0 l&rsquo;accueil et en salle d&rsquo;attente, des tables sont \u00e0 votre disposition pour poser votre bo\u00eete de transport Les salles de consultations sont \u00e0 taille \u00ab\u00a0chat\u00a0\u00bb. Elles sont con\u00e7ues pour que votre chat soit rassur\u00e9 et qu&rsquo;il s&rsquo;y&hellip;\" \/>\n<meta property=\"og:url\" content=\"https:\/\/chatdoc.fr\/fr\/visitez-la-clinique\/\" \/>\n<meta property=\"og:site_name\" content=\"ChatDOC\" \/>\n<meta property=\"article:modified_time\" content=\"2018-02-08T09:14:18+00:00\" \/>\n<meta property=\"og:image\" content=\"https:\/\/chatdoc.fr\/fr\/wp-content\/uploads\/2017\/09\/1-150x150.jpg\" \/>\n<meta name=\"twitter:card\" content=\"summary_large_image\" \/>\n<meta name=\"twitter:label1\" content=\"Dur\u00e9e de lecture estim\u00e9e\" \/>\n\t<meta name=\"twitter:data1\" content=\"1 minute\" \/>\n<script type=\"application\/ld+json\" class=\"yoast-schema-graph\">{\"@context\":\"https:\/\/schema.org\",\"@graph\":[{\"@type\":\"WebPage\",\"@id\":\"https:\/\/chatdoc.fr\/fr\/visitez-la-clinique\/\",\"url\":\"https:\/\/chatdoc.fr\/fr\/visitez-la-clinique\/\",\"name\":\"Visitez la clinique - ChatDOC\",\"isPartOf\":{\"@id\":\"https:\/\/chatdoc.fr\/fr\/#website\"},\"datePublished\":\"2017-09-17T08:42:22+00:00\",\"dateModified\":\"2018-02-08T09:14:18+00:00\",\"breadcrumb\":{\"@id\":\"https:\/\/chatdoc.fr\/fr\/visitez-la-clinique\/#breadcrumb\"},\"inLanguage\":\"fr-FR\",\"potentialAction\":[{\"@type\":\"ReadAction\",\"target\":[\"https:\/\/chatdoc.fr\/fr\/visitez-la-clinique\/\"]}]},{\"@type\":\"BreadcrumbList\",\"@id\":\"https:\/\/chatdoc.fr\/fr\/visitez-la-clinique\/#breadcrumb\",\"itemListElement\":[{\"@type\":\"ListItem\",\"position\":1,\"name\":\"Accueil\",\"item\":\"https:\/\/chatdoc.fr\/fr\/\"},{\"@type\":\"ListItem\",\"position\":2,\"name\":\"Visitez la clinique\"}]},{\"@type\":\"WebSite\",\"@id\":\"https:\/\/chatdoc.fr\/fr\/#website\",\"url\":\"https:\/\/chatdoc.fr\/fr\/\",\"name\":\"ChatDOC\",\"description\":\"Tout pour le chat et pour tous les chats\",\"potentialAction\":[{\"@type\":\"SearchAction\",\"target\":{\"@type\":\"EntryPoint\",\"urlTemplate\":\"https:\/\/chatdoc.fr\/fr\/?s={search_term_string}\"},\"query-input\":\"required name=search_term_string\"}],\"inLanguage\":\"fr-FR\"}]}<\/script>\n<!-- \/ Yoast SEO plugin. -->","yoast_head_json":{"title":"Visitez la clinique - ChatDOC","robots":{"index":"index","follow":"follow","max-snippet":"max-snippet:-1","max-image-preview":"max-image-preview:large","max-video-preview":"max-video-preview:-1"},"canonical":"https:\/\/chatdoc.fr\/fr\/visitez-la-clinique\/","og_locale":"fr_FR","og_type":"article","og_title":"Visitez la clinique - ChatDOC","og_description":"D\u00e9couvrez notre clinique d\u00e9di\u00e9e aux chats comme si vous \u00e9tiez ! L\u2019am\u00e9nagement de chaque pi\u00e8ce a \u00e9t\u00e9 soigneusement r\u00e9fl\u00e9chi pour que votre chat s\u2019y sente bien \u00c0 l&rsquo;accueil et en salle d&rsquo;attente, des tables sont \u00e0 votre disposition pour poser votre bo\u00eete de transport Les salles de consultations sont \u00e0 taille \u00ab\u00a0chat\u00a0\u00bb. Elles sont con\u00e7ues pour que votre chat soit rassur\u00e9 et qu&rsquo;il s&rsquo;y&hellip;","og_url":"https:\/\/chatdoc.fr\/fr\/visitez-la-clinique\/","og_site_name":"ChatDOC","article_modified_time":"2018-02-08T09:14:18+00:00","og_image":[{"url":"https:\/\/chatdoc.fr\/fr\/wp-content\/uploads\/2017\/09\/1-150x150.jpg"}],"twitter_card":"summary_large_image","twitter_misc":{"Dur\u00e9e de lecture estim\u00e9e":"1 minute"},"schema":{"@context":"https:\/\/schema.org","@graph":[{"@type":"WebPage","@id":"https:\/\/chatdoc.fr\/fr\/visitez-la-clinique\/","url":"https:\/\/chatdoc.fr\/fr\/visitez-la-clinique\/","name":"Visitez la clinique - ChatDOC","isPartOf":{"@id":"https:\/\/chatdoc.fr\/fr\/#website"},"datePublished":"2017-09-17T08:42:22+00:00","dateModified":"2018-02-08T09:14:18+00:00","breadcrumb":{"@id":"https:\/\/chatdoc.fr\/fr\/visitez-la-clinique\/#breadcrumb"},"inLanguage":"fr-FR","potentialAction":[{"@type":"ReadAction","target":["https:\/\/chatdoc.fr\/fr\/visitez-la-clinique\/"]}]},{"@type":"BreadcrumbList","@id":"https:\/\/chatdoc.fr\/fr\/visitez-la-clinique\/#breadcrumb","itemListElement":[{"@type":"ListItem","position":1,"name":"Accueil","item":"https:\/\/chatdoc.fr\/fr\/"},{"@type":"ListItem","position":2,"name":"Visitez la clinique"}]},{"@type":"WebSite","@id":"https:\/\/chatdoc.fr\/fr\/#website","url":"https:\/\/chatdoc.fr\/fr\/","name":"ChatDOC","description":"Tout pour le chat et pour tous les chats","potentialAction":[{"@type":"SearchAction","target":{"@type":"EntryPoint","urlTemplate":"https:\/\/chatdoc.fr\/fr\/?s={search_term_string}"},"query-input":"required name=search_term_string"}],"inLanguage":"fr-FR"}]}},"_links":{"self":[{"href":"https:\/\/chatdoc.fr\/fr\/wp-json\/wp\/v2\/pages\/103"}],"collection":[{"href":"https:\/\/chatdoc.fr\/fr\/wp-json\/wp\/v2\/pages"}],"about":[{"href":"https:\/\/chatdoc.fr\/fr\/wp-json\/wp\/v2\/types\/page"}],"author":[{"embeddable":true,"href":"https:\/\/chatdoc.fr\/fr\/wp-json\/wp\/v2\/users\/1"}],"replies":[{"embeddable":true,"href":"https:\/\/chatdoc.fr\/fr\/wp-json\/wp\/v2\/comments?post=103"}],"version-history":[{"count":21,"href":"https:\/\/chatdoc.fr\/fr\/wp-json\/wp\/v2\/pages\/103\/revisions"}],"predecessor-version":[{"id":1014,"href":"https:\/\/chatdoc.fr\/fr\/wp-json\/wp\/v2\/pages\/103\/revisions\/1014"}],"wp:attachment":[{"href":"https:\/\/chatdoc.fr\/fr\/wp-json\/wp\/v2\/media?parent=103"}],"curies":[{"name":"wp","href":"https:\/\/api.w.org\/{rel}","templated":true}]}}