{"id":101,"date":"2017-09-17T10:42:22","date_gmt":"2017-09-17T08:42:22","guid":{"rendered":"https:\/\/chatdoc.fr\/?page_id=101"},"modified":"2017-10-26T17:49:21","modified_gmt":"2017-10-26T15:49:21","slug":"la-charte-chatdoc","status":"publish","type":"page","link":"https:\/\/chatdoc.fr\/fr\/la-charte-chatdoc\/","title":{"rendered":"La charte ChatDOC"},"content":{"rendered":"<h2 class=\"entry-title text-center\">Tout pour le chat, pour tous les chats !<\/h2>\n<h2>Du bien \u00eatre<\/h2>\n<p>Tous les moyens sont mis en \u0153uvre pour assurer \u00e0 votre chat le confort maximal\u00a0\u00e0 la clinique et aussi \u00e0 la maison. La gestion de son bien-\u00eatre est une priorit\u00e9 pour nous.<\/p>\n<h2>Du confort<\/h2>\n<p>Tous les \u00e9quipements ont \u00e9t\u00e9 choisis avec le plus grand soin et sont adapt\u00e9s \u00e0 l\u2019esp\u00e8ce f\u00e9line. Les cages d\u2019hospitalisation ont \u00e9t\u00e9 r\u00e9alis\u00e9es sur mesure afin d\u2019offrir \u00e0 votre chat le confort le plus adapt\u00e9.<\/p>\n<h2>De la douceur<\/h2>\n<p>Parce qu\u2019on les aime et qu\u2019on sait bien qu\u2019il ne faut pas les brusquer\u00a0 !<\/p>\n<h2>De l\u2019\u00e9coute<\/h2>\n<p>A chaque instant, tout simplement.<\/p>\n<h2>Du conseil<\/h2>\n<p>Pour r\u00e9pondre au mieux \u00e0 toutes vos interrogations.<\/p>\n<h2>De la transparence<\/h2>\n<p>Tous les documents relatifs \u00e0 votre animal vous seront remis. Les examens seront r\u00e9alis\u00e9s avec votre accord.<\/p>\n<h2>Du made in france<\/h2>\n<p>Nous travaillons avec des cr\u00e9ateurs locaux qui ont cr\u00e9\u00e9 des accessoires test\u00e9s et approuv\u00e9s par leurs chats\u00a0!<\/p>\n","protected":false},"excerpt":{"rendered":"<p>Tout pour le chat, pour tous les chats ! Du bien \u00eatre Tous les moyens sont mis en \u0153uvre pour assurer \u00e0 votre chat le confort maximal\u00a0\u00e0 la clinique et aussi \u00e0 la maison. La gestion de son bien-\u00eatre est une priorit\u00e9 pour nous. Du confort Tous les \u00e9quipements ont \u00e9t\u00e9 choisis avec le plus grand soin et sont adapt\u00e9s \u00e0 l\u2019esp\u00e8ce f\u00e9line. Les&hellip;<\/p>\n","protected":false},"author":1,"featured_media":0,"parent":0,"menu_order":0,"comment_status":"closed","ping_status":"closed","template":"","meta":[],"yoast_head":"<!-- This site is optimized with the Yoast SEO plugin v20.1 - https:\/\/yoast.com\/wordpress\/plugins\/seo\/ -->\n<title>La charte ChatDOC - ChatDOC<\/title>\n<meta name=\"robots\" content=\"index, follow, max-snippet:-1, max-image-preview:large, max-video-preview:-1\" \/>\n<link rel=\"canonical\" href=\"https:\/\/chatdoc.fr\/fr\/la-charte-chatdoc\/\" \/>\n<meta property=\"og:locale\" content=\"fr_FR\" \/>\n<meta property=\"og:type\" content=\"article\" \/>\n<meta property=\"og:title\" content=\"La charte ChatDOC - ChatDOC\" \/>\n<meta property=\"og:description\" content=\"Tout pour le chat, pour tous les chats ! Du bien \u00eatre Tous les moyens sont mis en \u0153uvre pour assurer \u00e0 votre chat le confort maximal\u00a0\u00e0 la clinique et aussi \u00e0 la maison. La gestion de son bien-\u00eatre est une priorit\u00e9 pour nous. Du confort Tous les \u00e9quipements ont \u00e9t\u00e9 choisis avec le plus grand soin et sont adapt\u00e9s \u00e0 l\u2019esp\u00e8ce f\u00e9line. Les&hellip;\" \/>\n<meta property=\"og:url\" content=\"https:\/\/chatdoc.fr\/fr\/la-charte-chatdoc\/\" \/>\n<meta property=\"og:site_name\" content=\"ChatDOC\" \/>\n<meta property=\"article:modified_time\" content=\"2017-10-26T15:49:21+00:00\" \/>\n<meta name=\"twitter:card\" content=\"summary_large_image\" \/>\n<meta name=\"twitter:label1\" content=\"Dur\u00e9e de lecture estim\u00e9e\" \/>\n\t<meta name=\"twitter:data1\" content=\"1 minute\" \/>\n<script type=\"application\/ld+json\" class=\"yoast-schema-graph\">{\"@context\":\"https:\/\/schema.org\",\"@graph\":[{\"@type\":\"WebPage\",\"@id\":\"https:\/\/chatdoc.fr\/fr\/la-charte-chatdoc\/\",\"url\":\"https:\/\/chatdoc.fr\/fr\/la-charte-chatdoc\/\",\"name\":\"La charte ChatDOC - ChatDOC\",\"isPartOf\":{\"@id\":\"https:\/\/chatdoc.fr\/fr\/#website\"},\"datePublished\":\"2017-09-17T08:42:22+00:00\",\"dateModified\":\"2017-10-26T15:49:21+00:00\",\"breadcrumb\":{\"@id\":\"https:\/\/chatdoc.fr\/fr\/la-charte-chatdoc\/#breadcrumb\"},\"inLanguage\":\"fr-FR\",\"potentialAction\":[{\"@type\":\"ReadAction\",\"target\":[\"https:\/\/chatdoc.fr\/fr\/la-charte-chatdoc\/\"]}]},{\"@type\":\"BreadcrumbList\",\"@id\":\"https:\/\/chatdoc.fr\/fr\/la-charte-chatdoc\/#breadcrumb\",\"itemListElement\":[{\"@type\":\"ListItem\",\"position\":1,\"name\":\"Accueil\",\"item\":\"https:\/\/chatdoc.fr\/fr\/\"},{\"@type\":\"ListItem\",\"position\":2,\"name\":\"La charte ChatDOC\"}]},{\"@type\":\"WebSite\",\"@id\":\"https:\/\/chatdoc.fr\/fr\/#website\",\"url\":\"https:\/\/chatdoc.fr\/fr\/\",\"name\":\"ChatDOC\",\"description\":\"Tout pour le chat et pour tous les chats\",\"potentialAction\":[{\"@type\":\"SearchAction\",\"target\":{\"@type\":\"EntryPoint\",\"urlTemplate\":\"https:\/\/chatdoc.fr\/fr\/?s={search_term_string}\"},\"query-input\":\"required name=search_term_string\"}],\"inLanguage\":\"fr-FR\"}]}<\/script>\n<!-- \/ Yoast SEO plugin. -->","yoast_head_json":{"title":"La charte ChatDOC - ChatDOC","robots":{"index":"index","follow":"follow","max-snippet":"max-snippet:-1","max-image-preview":"max-image-preview:large","max-video-preview":"max-video-preview:-1"},"canonical":"https:\/\/chatdoc.fr\/fr\/la-charte-chatdoc\/","og_locale":"fr_FR","og_type":"article","og_title":"La charte ChatDOC - ChatDOC","og_description":"Tout pour le chat, pour tous les chats ! Du bien \u00eatre Tous les moyens sont mis en \u0153uvre pour assurer \u00e0 votre chat le confort maximal\u00a0\u00e0 la clinique et aussi \u00e0 la maison. La gestion de son bien-\u00eatre est une priorit\u00e9 pour nous. Du confort Tous les \u00e9quipements ont \u00e9t\u00e9 choisis avec le plus grand soin et sont adapt\u00e9s \u00e0 l\u2019esp\u00e8ce f\u00e9line. Les&hellip;","og_url":"https:\/\/chatdoc.fr\/fr\/la-charte-chatdoc\/","og_site_name":"ChatDOC","article_modified_time":"2017-10-26T15:49:21+00:00","twitter_card":"summary_large_image","twitter_misc":{"Dur\u00e9e de lecture estim\u00e9e":"1 minute"},"schema":{"@context":"https:\/\/schema.org","@graph":[{"@type":"WebPage","@id":"https:\/\/chatdoc.fr\/fr\/la-charte-chatdoc\/","url":"https:\/\/chatdoc.fr\/fr\/la-charte-chatdoc\/","name":"La charte ChatDOC - ChatDOC","isPartOf":{"@id":"https:\/\/chatdoc.fr\/fr\/#website"},"datePublished":"2017-09-17T08:42:22+00:00","dateModified":"2017-10-26T15:49:21+00:00","breadcrumb":{"@id":"https:\/\/chatdoc.fr\/fr\/la-charte-chatdoc\/#breadcrumb"},"inLanguage":"fr-FR","potentialAction":[{"@type":"ReadAction","target":["https:\/\/chatdoc.fr\/fr\/la-charte-chatdoc\/"]}]},{"@type":"BreadcrumbList","@id":"https:\/\/chatdoc.fr\/fr\/la-charte-chatdoc\/#breadcrumb","itemListElement":[{"@type":"ListItem","position":1,"name":"Accueil","item":"https:\/\/chatdoc.fr\/fr\/"},{"@type":"ListItem","position":2,"name":"La charte ChatDOC"}]},{"@type":"WebSite","@id":"https:\/\/chatdoc.fr\/fr\/#website","url":"https:\/\/chatdoc.fr\/fr\/","name":"ChatDOC","description":"Tout pour le chat et pour tous les chats","potentialAction":[{"@type":"SearchAction","target":{"@type":"EntryPoint","urlTemplate":"https:\/\/chatdoc.fr\/fr\/?s={search_term_string}"},"query-input":"required name=search_term_string"}],"inLanguage":"fr-FR"}]}},"_links":{"self":[{"href":"https:\/\/chatdoc.fr\/fr\/wp-json\/wp\/v2\/pages\/101"}],"collection":[{"href":"https:\/\/chatdoc.fr\/fr\/wp-json\/wp\/v2\/pages"}],"about":[{"href":"https:\/\/chatdoc.fr\/fr\/wp-json\/wp\/v2\/types\/page"}],"author":[{"embeddable":true,"href":"https:\/\/chatdoc.fr\/fr\/wp-json\/wp\/v2\/users\/1"}],"replies":[{"embeddable":true,"href":"https:\/\/chatdoc.fr\/fr\/wp-json\/wp\/v2\/comments?post=101"}],"version-history":[{"count":13,"href":"https:\/\/chatdoc.fr\/fr\/wp-json\/wp\/v2\/pages\/101\/revisions"}],"predecessor-version":[{"id":791,"href":"https:\/\/chatdoc.fr\/fr\/wp-json\/wp\/v2\/pages\/101\/revisions\/791"}],"wp:attachment":[{"href":"https:\/\/chatdoc.fr\/fr\/wp-json\/wp\/v2\/media?parent=101"}],"curies":[{"name":"wp","href":"https:\/\/api.w.org\/{rel}","templated":true}]}}