{"id":10,"date":"2017-09-14T15:44:43","date_gmt":"2017-09-14T13:44:43","guid":{"rendered":"https:\/\/chatdoc.fr\/?page_id=10"},"modified":"2017-10-26T17:52:01","modified_gmt":"2017-10-26T15:52:01","slug":"le-concept","status":"publish","type":"page","link":"https:\/\/chatdoc.fr\/fr\/le-concept\/","title":{"rendered":"Pourquoi ce concept ?"},"content":{"rendered":"<div class=\"concept\"><strong><span style=\"color: #0079c2;\"><br \/>\nC\u2019est l\u2019histoire de Aude et Maldea\u2026<\/span><\/strong><\/p>\n<p>Maldea, c\u2019est le <strong>chat<\/strong>, la plus petite d\u2019une port\u00e9e de 4, mais c\u2019est aussi la plus bagarreuse\u00a0!<\/p>\n<p>Ses fr\u00e8res et s\u0153urs grandissent mais elle, reste toute petite\u2026<\/p>\n<p>Elle a un grave probl\u00e8me au foie, qui a n\u00e9cessit\u00e9 une op\u00e9ration. Des cliniques v\u00e9t\u00e9rinaires, elle en a visit\u00e9, y a s\u00e9journ\u00e9, avec des prises de sang, une chirurgie\u2026. Alors elle en connait un rayon\u00a0!<\/p>\n<div class=\"row top20\">\n<div class=\"col-sm-7\"><img decoding=\"async\" loading=\"lazy\" class=\"aligncenter size-full wp-image-433\" src=\"https:\/\/chatdoc.fr\/fr\/wp-content\/uploads\/2017\/09\/placeholder-concept-1.png\" alt=\"\" width=\"394\" height=\"253\" srcset=\"https:\/\/chatdoc.fr\/fr\/wp-content\/uploads\/2017\/09\/placeholder-concept-1.png 394w, https:\/\/chatdoc.fr\/fr\/wp-content\/uploads\/2017\/09\/placeholder-concept-1-300x193.png 300w, https:\/\/chatdoc.fr\/fr\/wp-content\/uploads\/2017\/09\/placeholder-concept-1-200x128.png 200w\" sizes=\"(max-width: 394px) 100vw, 394px\" \/><\/div>\n<div class=\"col-sm-5\">\n<p>Aude, c\u2019est la <strong>v\u00e9t\u00e9rinaire<\/strong>. Elle, elle en a vu et soign\u00e9 des chats, des chiens, des lapins\u2026 dans diff\u00e9rents endroits\u2026<\/p>\n<p>Maldea a besoin d\u2019un endroit qui lui ressemble, quant \u00e0 Aude, elle veut consacrer tout son temps aux chats\u2026<\/p>\n<\/div>\n<\/div>\n<h2 class=\"text-center\">Ensemble, elles d\u00e9cident d\u2019ouvrir une clinique<br \/>\nv\u00e9t\u00e9rinaire f\u00e9line&#8230;<\/h2>\n<p><img decoding=\"async\" loading=\"lazy\" src=\"https:\/\/chatdoc.fr\/fr\/wp-content\/uploads\/2017\/09\/placeholder-concept-aude-maldea.png\" alt=\"\" width=\"394\" height=\"253\" class=\"aligncenter size-full wp-image-435\" srcset=\"https:\/\/chatdoc.fr\/fr\/wp-content\/uploads\/2017\/09\/placeholder-concept-aude-maldea.png 394w, https:\/\/chatdoc.fr\/fr\/wp-content\/uploads\/2017\/09\/placeholder-concept-aude-maldea-300x193.png 300w, https:\/\/chatdoc.fr\/fr\/wp-content\/uploads\/2017\/09\/placeholder-concept-aude-maldea-200x128.png 200w\" sizes=\"(max-width: 394px) 100vw, 394px\" \/><\/p>\n<h3>Maldea a des exigences\u00a0:<\/h3>\n<ul>\n<li><i class=\"fa fa-arrow-right\" aria-hidden=\"true\"><\/i> Une clinique v\u00e9t\u00e9rinaire r\u00e9serv\u00e9e <strong>exclusivement aux chats<\/strong> (elle veut sa carte Very Important Cat)<\/li>\n<li><i class=\"fa fa-arrow-right\" aria-hidden=\"true\"><\/i> <strong>Pas d\u2019inox<\/strong> (c\u2019est froid), du calme, des repose-cages en hauteur (elle n\u2019aime pas \u00eatre au ras du sol), un coin pipi en hospitalisation \u2026<\/li>\n<li><i class=\"fa fa-arrow-right\" aria-hidden=\"true\"><\/i> <strong>Une pi\u00e8ce de d\u00e9tente<\/strong> pour se d\u00e9gourdir les pattes<\/li>\n<\/ul>\n<h3>Aude aussi a des exigences :<\/h3>\n<ul>\n<li><i class=\"fa fa-arrow-right\" aria-hidden=\"true\"><\/i> Un endroit accessible, <strong>propre et lumineux<\/strong><\/li>\n<li><i class=\"fa fa-arrow-right\" aria-hidden=\"true\"><\/i> Du mat\u00e9riel m\u00e9dical de haute qualit\u00e9 et performant<\/li>\n<li><i class=\"fa fa-arrow-right\" aria-hidden=\"true\"><\/i> <strong>Carole<\/strong> comme assistante car la douceur et les chats\u00a0: c\u2019est elle\u00a0!<\/li>\n<\/ul>\n<h3>Et pour le nom\u00a0?<\/h3>\n<p>Maldea est un chat et Aude c\u2019est sa doc\u2019 pr\u00e9f\u00e9r\u00e9e\u00a0: voici donc <strong>ChatDOC !<\/strong><\/p>\n<h2 class=\"text-center\">Quelques mois plus tard&#8230;<\/h2>\n<p>\t\t\t<div id=\"accueil\" class=\"carousel slide v-center text-center\" data-ride=\"carousel\">\n\t\t\t\t                <ol class=\"carousel-indicators\">\n\t\t\t\t\t\t\t\t\t\t\t<li data-target=\"#accueil\" data-slide-to=\"0\" class=\"active\"><\/li>\n                    \t\t\t\t\t\t<li data-target=\"#accueil\" data-slide-to=\"1\" ><\/li>\n                    \t\t\t\t\t\t<li data-target=\"#accueil\" data-slide-to=\"2\" ><\/li>\n                    \t\t\t\t\t\t<li data-target=\"#accueil\" data-slide-to=\"3\" ><\/li>\n                    \t\t\t\t\t\t<li data-target=\"#accueil\" data-slide-to=\"4\" ><\/li>\n                    \t\t\t\t\t\t<li data-target=\"#accueil\" data-slide-to=\"5\" ><\/li>\n                    \t\t\t\t\t\t<li data-target=\"#accueil\" data-slide-to=\"6\" ><\/li>\n                    \t\t\t\t\t\t<li data-target=\"#accueil\" data-slide-to=\"7\" ><\/li>\n                    \t\t\t\t\t\t<li data-target=\"#accueil\" data-slide-to=\"8\" ><\/li>\n                    \t\t\t\t\t\t<li data-target=\"#accueil\" data-slide-to=\"9\" ><\/li>\n                    \t\t\t\t\t\t<li data-target=\"#accueil\" data-slide-to=\"10\" ><\/li>\n                                    <\/ol>\n                <div class=\"carousel-inner\">\n\t\t\t\t\t\t\t\t\t\t<div class=\"item active\">\n\t\t\t\t\t\t<img src=\"https:\/\/chatdoc.fr\/fr\/wp-content\/uploads\/2017\/10\/c1.jpg\" \/>\n\t\t\t\t\t\t<\/div>\n\t\t\t\t\t\t\t\t\t\t\t\t<div class=\"item\">\n\t\t\t\t\t\t<img src=\"https:\/\/chatdoc.fr\/fr\/wp-content\/uploads\/2017\/10\/c2.jpg\" \/>\n\t\t\t\t\t\t<\/div>\n\t\t\t\t\t\t\t\t\t\t\t\t<div class=\"item\">\n\t\t\t\t\t\t<img src=\"https:\/\/chatdoc.fr\/fr\/wp-content\/uploads\/2017\/10\/c3.jpg\" \/>\n\t\t\t\t\t\t<\/div>\n\t\t\t\t\t\t\t\t\t\t\t\t<div class=\"item\">\n\t\t\t\t\t\t<img src=\"https:\/\/chatdoc.fr\/fr\/wp-content\/uploads\/2017\/10\/c4.jpg\" \/>\n\t\t\t\t\t\t<\/div>\n\t\t\t\t\t\t\t\t\t\t\t\t<div class=\"item\">\n\t\t\t\t\t\t<img src=\"https:\/\/chatdoc.fr\/fr\/wp-content\/uploads\/2017\/10\/c5.jpg\" \/>\n\t\t\t\t\t\t<\/div>\n\t\t\t\t\t\t\t\t\t\t\t\t<div class=\"item\">\n\t\t\t\t\t\t<img src=\"https:\/\/chatdoc.fr\/fr\/wp-content\/uploads\/2017\/10\/c6.jpg\" \/>\n\t\t\t\t\t\t<\/div>\n\t\t\t\t\t\t\t\t\t\t\t\t<div class=\"item\">\n\t\t\t\t\t\t<img src=\"https:\/\/chatdoc.fr\/fr\/wp-content\/uploads\/2017\/10\/c7.jpg\" \/>\n\t\t\t\t\t\t<\/div>\n\t\t\t\t\t\t\t\t\t\t\t\t<div class=\"item\">\n\t\t\t\t\t\t<img src=\"https:\/\/chatdoc.fr\/fr\/wp-content\/uploads\/2017\/10\/c8.jpg\" \/>\n\t\t\t\t\t\t<\/div>\n\t\t\t\t\t\t\t\t\t\t\t\t<div class=\"item\">\n\t\t\t\t\t\t<img src=\"https:\/\/chatdoc.fr\/fr\/wp-content\/uploads\/2017\/10\/c9.jpg\" \/>\n\t\t\t\t\t\t<\/div>\n\t\t\t\t\t\t\t\t\t\t\t\t<div class=\"item\">\n\t\t\t\t\t\t<img src=\"https:\/\/chatdoc.fr\/fr\/wp-content\/uploads\/2017\/10\/c10.jpg\" \/>\n\t\t\t\t\t\t<\/div>\n\t\t\t\t\t\t\t\t\t\t\t\t<div class=\"item\">\n\t\t\t\t\t\t<img src=\"https:\/\/chatdoc.fr\/fr\/wp-content\/uploads\/2017\/10\/c11.jpg\" \/>\n\t\t\t\t\t\t<\/div>\n\t\t\t\t\t\t\t\t\t\t                    \n                <\/div>\n\t\t\t\t\t<a class=\"left carousel-control\" href=\"#accueil\" data-slide=\"prev\" id=\"nav-car\">\n\t\t\t\t\t\t<img src=\"https:\/\/chatdoc.fr\/fr\/wp-content\/themes\/one-child\/assets\/nav-left.png\" \/>\n\t\t\t\t  <\/a>\n\t\t\t\t  <a class=\"right carousel-control\" href=\"#accueil\" data-slide=\"next\" id=\"nav-car2\">\n\t\t\t\t\t<img src=\"https:\/\/chatdoc.fr\/fr\/wp-content\/themes\/one-child\/assets\/nav-right.png\" \/>\n\t\t\t\t  <\/a>\n            <\/div>\n\t<br \/>\nAvec l\u2019aide de Jean-Pierre Coullard, architecte, des amoureux de chats, de v\u00e9t\u00e9rinaires f\u00e9lins, la clinique v\u00e9t\u00e9rinaire ChatDOC ouvre ses portes le <strong>6 novembre 2017<\/strong>, 2 all\u00e9e du Laxia \u00e0 Bayonne.<\/p>\n<div class=\"row text-center top20\">\n<div class=\"col-sm-6\">\n<a href=\"https:\/\/chatdoc.fr\/fr\/visitez-la-clinique\/\" class=\"btn btn-default\">Visitez la clinique<\/a>\n<\/div>\n<div class=\"col-sm-6\">\n<a href=\"https:\/\/chatdoc.fr\/fr\/la-galerie\/\" class=\"btn btn-default\">Des photos !<\/a>\n<\/div>\n<\/div>\n<\/div>\n","protected":false},"excerpt":{"rendered":"<p>C\u2019est l\u2019histoire de Aude et Maldea\u2026 Maldea, c\u2019est le chat, la plus petite d\u2019une port\u00e9e de 4, mais c\u2019est aussi la plus bagarreuse\u00a0! Ses fr\u00e8res et s\u0153urs grandissent mais elle, reste toute petite\u2026 Elle a un grave probl\u00e8me au foie, qui a n\u00e9cessit\u00e9 une op\u00e9ration. Des cliniques v\u00e9t\u00e9rinaires, elle en a visit\u00e9, y a s\u00e9journ\u00e9, avec des prises de sang, une chirurgie\u2026. Alors elle&hellip;<\/p>\n","protected":false},"author":1,"featured_media":0,"parent":0,"menu_order":0,"comment_status":"closed","ping_status":"closed","template":"","meta":[],"yoast_head":"<!-- This site is optimized with the Yoast SEO plugin v20.1 - https:\/\/yoast.com\/wordpress\/plugins\/seo\/ -->\n<title>Pourquoi ce concept ? - ChatDOC<\/title>\n<meta name=\"robots\" content=\"index, follow, max-snippet:-1, max-image-preview:large, max-video-preview:-1\" \/>\n<link rel=\"canonical\" href=\"https:\/\/chatdoc.fr\/fr\/le-concept\/\" \/>\n<meta property=\"og:locale\" content=\"fr_FR\" \/>\n<meta property=\"og:type\" content=\"article\" \/>\n<meta property=\"og:title\" content=\"Pourquoi ce concept ? - ChatDOC\" \/>\n<meta property=\"og:description\" content=\"C\u2019est l\u2019histoire de Aude et Maldea\u2026 Maldea, c\u2019est le chat, la plus petite d\u2019une port\u00e9e de 4, mais c\u2019est aussi la plus bagarreuse\u00a0! Ses fr\u00e8res et s\u0153urs grandissent mais elle, reste toute petite\u2026 Elle a un grave probl\u00e8me au foie, qui a n\u00e9cessit\u00e9 une op\u00e9ration. Des cliniques v\u00e9t\u00e9rinaires, elle en a visit\u00e9, y a s\u00e9journ\u00e9, avec des prises de sang, une chirurgie\u2026. Alors elle&hellip;\" \/>\n<meta property=\"og:url\" content=\"https:\/\/chatdoc.fr\/fr\/le-concept\/\" \/>\n<meta property=\"og:site_name\" content=\"ChatDOC\" \/>\n<meta property=\"article:modified_time\" content=\"2017-10-26T15:52:01+00:00\" \/>\n<meta property=\"og:image\" content=\"https:\/\/chatdoc.fr\/fr\/wp-content\/uploads\/2017\/09\/placeholder-concept-1.png\" \/>\n<meta name=\"twitter:card\" content=\"summary_large_image\" \/>\n<meta name=\"twitter:label1\" content=\"Dur\u00e9e de lecture estim\u00e9e\" \/>\n\t<meta name=\"twitter:data1\" content=\"1 minute\" \/>\n<script type=\"application\/ld+json\" class=\"yoast-schema-graph\">{\"@context\":\"https:\/\/schema.org\",\"@graph\":[{\"@type\":\"WebPage\",\"@id\":\"https:\/\/chatdoc.fr\/fr\/le-concept\/\",\"url\":\"https:\/\/chatdoc.fr\/fr\/le-concept\/\",\"name\":\"Pourquoi ce concept ? - ChatDOC\",\"isPartOf\":{\"@id\":\"https:\/\/chatdoc.fr\/fr\/#website\"},\"datePublished\":\"2017-09-14T13:44:43+00:00\",\"dateModified\":\"2017-10-26T15:52:01+00:00\",\"breadcrumb\":{\"@id\":\"https:\/\/chatdoc.fr\/fr\/le-concept\/#breadcrumb\"},\"inLanguage\":\"fr-FR\",\"potentialAction\":[{\"@type\":\"ReadAction\",\"target\":[\"https:\/\/chatdoc.fr\/fr\/le-concept\/\"]}]},{\"@type\":\"BreadcrumbList\",\"@id\":\"https:\/\/chatdoc.fr\/fr\/le-concept\/#breadcrumb\",\"itemListElement\":[{\"@type\":\"ListItem\",\"position\":1,\"name\":\"Accueil\",\"item\":\"https:\/\/chatdoc.fr\/fr\/\"},{\"@type\":\"ListItem\",\"position\":2,\"name\":\"Pourquoi ce concept ?\"}]},{\"@type\":\"WebSite\",\"@id\":\"https:\/\/chatdoc.fr\/fr\/#website\",\"url\":\"https:\/\/chatdoc.fr\/fr\/\",\"name\":\"ChatDOC\",\"description\":\"Tout pour le chat et pour tous les chats\",\"potentialAction\":[{\"@type\":\"SearchAction\",\"target\":{\"@type\":\"EntryPoint\",\"urlTemplate\":\"https:\/\/chatdoc.fr\/fr\/?s={search_term_string}\"},\"query-input\":\"required name=search_term_string\"}],\"inLanguage\":\"fr-FR\"}]}<\/script>\n<!-- \/ Yoast SEO plugin. -->","yoast_head_json":{"title":"Pourquoi ce concept ? - ChatDOC","robots":{"index":"index","follow":"follow","max-snippet":"max-snippet:-1","max-image-preview":"max-image-preview:large","max-video-preview":"max-video-preview:-1"},"canonical":"https:\/\/chatdoc.fr\/fr\/le-concept\/","og_locale":"fr_FR","og_type":"article","og_title":"Pourquoi ce concept ? - ChatDOC","og_description":"C\u2019est l\u2019histoire de Aude et Maldea\u2026 Maldea, c\u2019est le chat, la plus petite d\u2019une port\u00e9e de 4, mais c\u2019est aussi la plus bagarreuse\u00a0! Ses fr\u00e8res et s\u0153urs grandissent mais elle, reste toute petite\u2026 Elle a un grave probl\u00e8me au foie, qui a n\u00e9cessit\u00e9 une op\u00e9ration. Des cliniques v\u00e9t\u00e9rinaires, elle en a visit\u00e9, y a s\u00e9journ\u00e9, avec des prises de sang, une chirurgie\u2026. Alors elle&hellip;","og_url":"https:\/\/chatdoc.fr\/fr\/le-concept\/","og_site_name":"ChatDOC","article_modified_time":"2017-10-26T15:52:01+00:00","og_image":[{"url":"https:\/\/chatdoc.fr\/fr\/wp-content\/uploads\/2017\/09\/placeholder-concept-1.png"}],"twitter_card":"summary_large_image","twitter_misc":{"Dur\u00e9e de lecture estim\u00e9e":"1 minute"},"schema":{"@context":"https:\/\/schema.org","@graph":[{"@type":"WebPage","@id":"https:\/\/chatdoc.fr\/fr\/le-concept\/","url":"https:\/\/chatdoc.fr\/fr\/le-concept\/","name":"Pourquoi ce concept ? - ChatDOC","isPartOf":{"@id":"https:\/\/chatdoc.fr\/fr\/#website"},"datePublished":"2017-09-14T13:44:43+00:00","dateModified":"2017-10-26T15:52:01+00:00","breadcrumb":{"@id":"https:\/\/chatdoc.fr\/fr\/le-concept\/#breadcrumb"},"inLanguage":"fr-FR","potentialAction":[{"@type":"ReadAction","target":["https:\/\/chatdoc.fr\/fr\/le-concept\/"]}]},{"@type":"BreadcrumbList","@id":"https:\/\/chatdoc.fr\/fr\/le-concept\/#breadcrumb","itemListElement":[{"@type":"ListItem","position":1,"name":"Accueil","item":"https:\/\/chatdoc.fr\/fr\/"},{"@type":"ListItem","position":2,"name":"Pourquoi ce concept ?"}]},{"@type":"WebSite","@id":"https:\/\/chatdoc.fr\/fr\/#website","url":"https:\/\/chatdoc.fr\/fr\/","name":"ChatDOC","description":"Tout pour le chat et pour tous les chats","potentialAction":[{"@type":"SearchAction","target":{"@type":"EntryPoint","urlTemplate":"https:\/\/chatdoc.fr\/fr\/?s={search_term_string}"},"query-input":"required name=search_term_string"}],"inLanguage":"fr-FR"}]}},"_links":{"self":[{"href":"https:\/\/chatdoc.fr\/fr\/wp-json\/wp\/v2\/pages\/10"}],"collection":[{"href":"https:\/\/chatdoc.fr\/fr\/wp-json\/wp\/v2\/pages"}],"about":[{"href":"https:\/\/chatdoc.fr\/fr\/wp-json\/wp\/v2\/types\/page"}],"author":[{"embeddable":true,"href":"https:\/\/chatdoc.fr\/fr\/wp-json\/wp\/v2\/users\/1"}],"replies":[{"embeddable":true,"href":"https:\/\/chatdoc.fr\/fr\/wp-json\/wp\/v2\/comments?post=10"}],"version-history":[{"count":64,"href":"https:\/\/chatdoc.fr\/fr\/wp-json\/wp\/v2\/pages\/10\/revisions"}],"predecessor-version":[{"id":792,"href":"https:\/\/chatdoc.fr\/fr\/wp-json\/wp\/v2\/pages\/10\/revisions\/792"}],"wp:attachment":[{"href":"https:\/\/chatdoc.fr\/fr\/wp-json\/wp\/v2\/media?parent=10"}],"curies":[{"name":"wp","href":"https:\/\/api.w.org\/{rel}","templated":true}]}}